 {"id":8023,"date":"2018-12-19T14:15:33","date_gmt":"2018-12-19T21:15:33","guid":{"rendered":"https:\/\/summit-hydraulics.com\/?post_type=product&#038;p=8023"},"modified":"2026-04-02T00:50:27","modified_gmt":"2026-04-02T07:50:27","slug":"1%e2%80%b3-acoplador-hembra-de-cara-plana-alto-flujo-hidraulico-de-conexion-rapida-1-npt-rosca-copia","status":"publish","type":"product","link":"https:\/\/summit-hydraulics.com\/es\/product\/1%e2%80%b3-flat-face-high-flow-hydraulic-quick-connect-female-coupler-1-npt-thread\/","title":{"rendered":"Acoplador r\u00e1pido hidr\u00e1ulico hembra de 1\u2033 de cara plana y alto caudal, rosca NPT de 1\u2033."},"content":{"rendered":"<p><strong>Tama\u00f1o:<\/strong> 1\u2033 Cuerpo con 1\u2033 NPT<\/p>\n<p>Este acoplador de 1\u2033 se conecta a su <a href=\"https:\/\/summit-hydraulics.com\/es\/producto\/1%e2%80%b3-copia-2-de-cara-plana-alto-flujo-hidraulico-de-conexion-rapida-macho-1-npt-hilo\/\" target=\"_blank\" rel=\"noopener\">equivalente masculino<\/a>. Tambi\u00e9n disponemos de\u00a0<a href=\"https:\/\/summit-hydraulics.com\/es\/producto\/acoplador-hidraulico-de-conexion-rapida-de-cara-plana-y-alto-caudal-con-rosca-1-npt\/\" target=\"_blank\" rel=\"noopener\">juego completo<\/a>que incluye un acoplador macho y otro hembra.<\/p>\n<p><span style=\"font-family: verdana, geneva, sans-serif;\"><strong>Beneficios:<\/strong><\/span><\/p>\n<ul>\n<li>El dise\u00f1o de la v\u00e1lvula de cara rasante minimiza la p\u00e9rdida de fluido y la inclusi\u00f3n de aire<\/li>\n<li>El recubrimiento de zinc-n\u00edquel proporciona una resistencia superior a la corrosi\u00f3n<\/li>\n<li>Construcci\u00f3n de acero templado con casquillos endurecidos<\/li>\n<li>Permite ca\u00eddas de presi\u00f3n m\u00ednimas<\/li>\n<li><span style=\"font-family: verdana, geneva, sans-serif;\">El manguito de bloqueo ayuda a evitar desconexiones accidentales<\/span><\/li>\n<li>La junta de la boquilla resiste los reventones<\/li>\n<li>Intercambiable con otros acoplamientos normalizados ISO 16028<\/li>\n<\/ul>\n<p><span style=\"font-family: verdana, geneva, sans-serif;\"><strong>Caracter\u00edsticas:<\/strong><\/span><\/p>\n<ul>\n<li>Presi\u00f3n nominal de 5.076 PSI<\/li>\n<li>74 GPM Caudal m\u00e1ximo<\/li>\n<li>Caudal nominal de 50 GPM<\/li>\n<li>Las juntas de Buna-N con anillo de refuerzo de tefl\u00f3n pueden funcionar hasta 250\u00b0 F<\/li>\n<li>Di\u00e1metro de la cara hembra: 2,17\" (55 mm)<\/li>\n<li>Longitud hembra: 4,31\" (109 mm)<\/li>\n<li>Hex: 1,97\" (50 mm)<\/li>\n<\/ul>\n<p><strong>Intercambiable con:<\/strong><\/p>\n<table style=\"height: 189px; width: 470px;\" width=\"623\">\n<tbody>\n<tr style=\"height: 21px;\">\n<td style=\"width: 224px; height: 21px;\">Fabricante<\/td>\n<td style=\"width: 230px; height: 21px;\">Mujer<\/td>\n<\/tr>\n<tr style=\"height: 21px;\">\n<td style=\"width: 224px; height: 21px;\">CUMBRE<\/td>\n<td style=\"width: 230px; height: 21px;\">FF1F-16N<\/td>\n<\/tr>\n<tr style=\"height: 21px;\">\n<td style=\"width: 224px; height: 21px;\">Serie Parker FE<\/td>\n<td style=\"width: 230px; height: 21px;\">FEM-1001-16FP<\/td>\n<\/tr>\n<tr style=\"height: 21px;\">\n<td style=\"width: 224px; height: 21px;\">Safeway Serie FFE49<\/td>\n<td style=\"width: 230px; height: 21px;\">FFE495-8<\/td>\n<\/tr>\n<tr style=\"height: 21px;\">\n<td style=\"width: 224px; height: 21px;\">Serie FFH m\u00e1s r\u00e1pida<\/td>\n<td style=\"width: 230px; height: 21px;\">FFH16 1NPT F<\/td>\n<\/tr>\n<tr style=\"height: 21px;\">\n<td style=\"width: 224px; height: 21px;\">Eaton Aeroquip FD89<\/td>\n<td style=\"width: 230px; height: 21px;\">FD89-1001-16-12<\/td>\n<\/tr>\n<tr style=\"height: 21px;\">\n<td style=\"width: 224px; height: 21px;\">Snap Tite Serie 74<\/td>\n<td style=\"width: 230px; height: 21px;\">74C16-16F<\/td>\n<\/tr>\n<tr style=\"height: 21px;\">\n<td style=\"width: 224px; height: 21px;\">Serie FIRG de Stucchi<\/td>\n<td style=\"width: 230px; height: 21px;\">801301028<\/td>\n<\/tr>\n<tr style=\"height: 21px;\">\n<td style=\"width: 224px; height: 21px;\">Serie DNP PLT4<\/td>\n<td style=\"width: 230px; height: 21px;\">FF-HPG-16-16C-NPT<\/td>\n<\/tr>\n<\/tbody>\n<\/table>\n<div>\n<p><strong>El kit incluye<\/strong>:<\/p>\n<ul>\n<li>1 Acoplador hembra<\/li>\n<li>1 Tapa guardapolvo hembra<\/li>\n<\/ul>\n<\/div>\n<p>&nbsp;<\/p>\n<p><img loading=\"lazy\" decoding=\"async\" class=\"size-medium wp-image-9163 alignleft\" src=\"https:\/\/summit-hydraulics.com\/wp-content\/uploads\/2018\/12\/FF1-16N-Dimensions-800x800.jpg\" alt=\"\" width=\"800\" height=\"800\" \/><\/p>","protected":false},"excerpt":{"rendered":"<p>&nbsp;<\/p>\n<p>Acoplador r\u00e1pido hidr\u00e1ulico hembra de 1\u2033 de cara plana y alto caudal,rosca NPT de 1\u2033.<\/p>","protected":false},"featured_media":8350,"comment_status":"open","ping_status":"closed","template":"","meta":[],"product_cat":[9,1955,359,1452],"product_tag":[2452,2453,2418,2419],"class_list":{"0":"post-8023","1":"product","2":"type-product","3":"status-publish","4":"has-post-thumbnail","6":"product_cat-hydraulic-flat-face-iso-16028-quick-couplers","7":"product_cat-hydraulic-1-body-flat-face-quick-connect-female-couplers","8":"product_cat-quick-disconnect-couplers","9":"product_cat-hydraulic-1-body-flat-face-quick-connect-coupler","10":"product_tag-female-coupler","11":"product_tag-flat-face-coupler","12":"product_tag-1-body","13":"product_tag-1-npt","14":"pa_thread-type-npt","16":"first","17":"instock","18":"taxable","19":"shipping-taxable","20":"purchasable","21":"product-type-simple"},"composite_virtual":false,"composite_layout":"","composite_add_to_cart_form_location":"","composite_editable_in_cart":false,"composite_sold_individually_context":"","composite_shop_price_calc":"","composite_components":[],"composite_scenarios":[],"_links":{"self":[{"href":"https:\/\/summit-hydraulics.com\/es\/wp-json\/wp\/v2\/product\/8023","targetHints":{"allow":["GET"]}}],"collection":[{"href":"https:\/\/summit-hydraulics.com\/es\/wp-json\/wp\/v2\/product"}],"about":[{"href":"https:\/\/summit-hydraulics.com\/es\/wp-json\/wp\/v2\/types\/product"}],"replies":[{"embeddable":true,"href":"https:\/\/summit-hydraulics.com\/es\/wp-json\/wp\/v2\/comments?post=8023"}],"wp:featuredmedia":[{"embeddable":true,"href":"https:\/\/summit-hydraulics.com\/es\/wp-json\/wp\/v2\/media\/8350"}],"wp:attachment":[{"href":"https:\/\/summit-hydraulics.com\/es\/wp-json\/wp\/v2\/media?parent=8023"}],"wp:term":[{"taxonomy":"product_cat","embeddable":true,"href":"https:\/\/summit-hydraulics.com\/es\/wp-json\/wp\/v2\/product_cat?post=8023"},{"taxonomy":"product_tag","embeddable":true,"href":"https:\/\/summit-hydraulics.com\/es\/wp-json\/wp\/v2\/product_tag?post=8023"}],"curies":[{"name":"wp","href":"https:\/\/api.w.org\/{rel}","templated":true}]}}