 {"id":7334,"date":"2018-11-01T15:24:36","date_gmt":"2018-11-01T22:24:36","guid":{"rendered":"https:\/\/summit-hydraulics.com\/?post_type=product&#038;p=7334"},"modified":"2026-04-04T05:38:34","modified_gmt":"2026-04-04T12:38:34","slug":"1-2-ag-hydraulic-quick-connect-push-pull-coupler-set-1-2-npt-thread","status":"publish","type":"product","link":"https:\/\/summit-hydraulics.com\/es\/product\/1-2-ag-hydraulic-quick-connect-push-pull-coupler-set-1-2-npt-thread\/","title":{"rendered":"Juego de acopladores hidr\u00e1ulicos r\u00e1pidos de 1\/2\u2033, rosca 1\/2\u2033 NPT"},"content":{"rendered":"<p id=\"inkfrog_crosspromo_top\"><span style=\"font-family: helvetica, arial, sans-serif;\">Esta serie de acopladores son los acopladores de conexi\u00f3n r\u00e1pida m\u00e1s utilizados en los sectores de la agricultura, la construcci\u00f3n y la explotaci\u00f3n forestal. Son intercambiables con todas las series ISO 5675, incluida la v\u00e1lvula de asiento esf\u00e9rico, la junta de asiento y los acoplamientos push-pull.<\/span><\/p>\n<p><span style=\"font-family: helvetica, arial, sans-serif;\"><strong>Tama\u00f1o del cuerpo ISO<\/strong>: 1\/2\"<\/span><\/p>\n<p><span style=\"font-family: helvetica, arial, sans-serif;\"><strong>Hilo del puerto<\/strong>: 1\/2\" NPT<\/span><\/p>\n<p><span style=\"font-family: helvetica, arial, sans-serif;\"><strong>Caracter\u00edsticas<\/strong>:<\/span><\/p>\n<ul>\n<li><span style=\"font-family: helvetica, arial, sans-serif;\">Clasificaci\u00f3n 3600 PSI<\/span><\/li>\n<li><span style=\"font-family: helvetica, arial, sans-serif;\">Caudal m\u00e1ximo de 23 GPM<\/span><\/li>\n<li><span style=\"font-size: 100%; font-family: helvetica, arial, sans-serif;\">Tapones de acero endurecido<\/span><\/li>\n<li><span style=\"font-family: helvetica, arial, sans-serif;\">Dise\u00f1o especial de casquillo de bloqueo Push\/Pull<\/span><\/li>\n<li><span style=\"font-family: helvetica, arial, sans-serif;\">Capacidad de rotura de 23.000 PSI (acoplado)<\/span><\/li>\n<\/ul>\n<p style=\"font-weight: 400;\"><span style=\"font-family: helvetica, arial, sans-serif;\"><strong>Intercambia con:<\/strong><\/span><\/p>\n<table width=\"663\">\n<tbody>\n<tr>\n<td width=\"192\"><strong>Fabricante<\/strong><\/td>\n<td width=\"259\"><strong>Hombre<\/strong><\/td>\n<td width=\"212\"><strong>Mujer<\/strong><\/td>\n<\/tr>\n<tr>\n<td width=\"192\">CUMBRE<\/td>\n<td width=\"259\">AGP12M-08N<\/td>\n<td width=\"212\">AGP12F-08N<\/td>\n<\/tr>\n<tr>\n<td width=\"192\">Parker Serie 4200<\/td>\n<td width=\"259\">8010-4P<\/td>\n<td width=\"212\">4250-4P<\/td>\n<\/tr>\n<tr>\n<td width=\"192\">Safeway Serie S40<\/td>\n<td width=\"259\">S71-4P<\/td>\n<td width=\"212\">S45-4P<\/td>\n<\/tr>\n<tr>\n<td width=\"192\">Serie Faster PV<\/td>\n<td width=\"259\">NV 12 NPT M<\/td>\n<td width=\"212\">PV 12 NPT F<\/td>\n<\/tr>\n<tr>\n<td width=\"192\">Stucchi IRS Serie V<\/td>\n<td width=\"259\">800501005<br \/>\nM IR12V NPT<\/td>\n<td width=\"212\">800401002<br \/>\nF IRS 12VA NPT<\/td>\n<\/tr>\n<tr>\n<td width=\"192\">Dixon Serie AG<\/td>\n<td width=\"259\">AG4F4-PV<\/td>\n<td width=\"212\">4AGF4-PV-PS<\/td>\n<\/tr>\n<\/tbody>\n<\/table>","protected":false},"excerpt":{"rendered":"<p>Juego de acopladores hidr\u00e1ulicos r\u00e1pidos Push-Pull de 1\/2\", rosca NPT de 1\/2<\/p>","protected":false},"featured_media":8245,"comment_status":"open","ping_status":"closed","template":"","meta":[],"product_cat":[8,1721,359],"product_tag":[2408,2447,2449,2469,2407],"class_list":{"0":"post-7334","1":"product","2":"type-product","3":"status-publish","4":"has-post-thumbnail","6":"product_cat-hydraulic-agricultural-iso-5675-quick-couplers","7":"product_cat-1-2-agricultural-iso-5675-quick-couplers","8":"product_cat-quick-disconnect-couplers","9":"product_tag-1-2-npt","10":"product_tag-agricultural-style-coupler","11":"product_tag-coupler-set","12":"product_tag-push-pull-coupler","13":"product_tag-1-2-body","15":"first","16":"instock","17":"taxable","18":"shipping-taxable","19":"purchasable","20":"product-type-simple"},"composite_virtual":false,"composite_layout":"","composite_add_to_cart_form_location":"","composite_editable_in_cart":false,"composite_sold_individually_context":"","composite_shop_price_calc":"","composite_components":[],"composite_scenarios":[],"_links":{"self":[{"href":"https:\/\/summit-hydraulics.com\/es\/wp-json\/wp\/v2\/product\/7334","targetHints":{"allow":["GET"]}}],"collection":[{"href":"https:\/\/summit-hydraulics.com\/es\/wp-json\/wp\/v2\/product"}],"about":[{"href":"https:\/\/summit-hydraulics.com\/es\/wp-json\/wp\/v2\/types\/product"}],"replies":[{"embeddable":true,"href":"https:\/\/summit-hydraulics.com\/es\/wp-json\/wp\/v2\/comments?post=7334"}],"wp:featuredmedia":[{"embeddable":true,"href":"https:\/\/summit-hydraulics.com\/es\/wp-json\/wp\/v2\/media\/8245"}],"wp:attachment":[{"href":"https:\/\/summit-hydraulics.com\/es\/wp-json\/wp\/v2\/media?parent=7334"}],"wp:term":[{"taxonomy":"product_cat","embeddable":true,"href":"https:\/\/summit-hydraulics.com\/es\/wp-json\/wp\/v2\/product_cat?post=7334"},{"taxonomy":"product_tag","embeddable":true,"href":"https:\/\/summit-hydraulics.com\/es\/wp-json\/wp\/v2\/product_tag?post=7334"}],"curies":[{"name":"wp","href":"https:\/\/api.w.org\/{rel}","templated":true}]}}