 {"id":6961,"date":"2018-10-10T15:05:28","date_gmt":"2018-10-10T22:05:28","guid":{"rendered":"https:\/\/summit-hydraulics.com\/?post_type=product&#038;p=6961"},"modified":"2026-04-04T20:41:10","modified_gmt":"2026-04-05T03:41:10","slug":"valvula-de-retencion-hidraulica-en-linea-8-gpm-5000-psi-3-8-puertos-npt","status":"publish","type":"product","link":"https:\/\/summit-hydraulics.com\/es\/product\/hydraulic-in-line-check-valve-8-gpm-5000-psi-3-8-npt-ports\/","title":{"rendered":"V\u00e1lvula de retenci\u00f3n hidr\u00e1ulica en l\u00ednea, 8 GPM, 5000 PSI, puertos NPT de 3\/8\u2033."},"content":{"rendered":"<p><strong>Caracter\u00edsticas:<\/strong><\/p>\n<ul>\n<li>V\u00e1lvula de retenci\u00f3n - Permite el flujo en una direcci\u00f3n<\/li>\n<li>Cuerpo de acero al carbono<\/li>\n<li>Presi\u00f3n de apertura\/fisuraci\u00f3n: 7,25 PSI<\/li>\n<li>Tama\u00f1o del puerto: 3\/8\" NPT<\/li>\n<li>Caudal m\u00e1ximo: 8 GPM<\/li>\n<li>Presi\u00f3n m\u00e1xima: 5000 PSI<\/li>\n<li>Temperatura de funcionamiento: -20 a 210 F<\/li>\n<li>Di\u00e1metro del hex\u00e1gono: 0,945\" (24 mm)<\/li>\n<li>Longitud: 58 mm<\/li>\n<\/ul>\n<p><strong>Sustituye a:<\/strong><\/p>\n<ul>\n<li>Wolverine\/Prince: WCV-600<\/li>\n<li>Parker C600S-M<\/li>\n<\/ul>","protected":false},"excerpt":{"rendered":"<p>V\u00e1lvula de retenci\u00f3n hidr\u00e1ulica en l\u00ednea, 8 GPM, 5000 PSI, conexiones NPT de 3\/8<\/p>","protected":false},"featured_media":7072,"comment_status":"open","ping_status":"closed","template":"","meta":[],"product_cat":[1496],"product_tag":[2405,2445],"class_list":{"0":"post-6961","1":"product","2":"type-product","3":"status-publish","4":"has-post-thumbnail","6":"product_cat-check-valves","7":"product_tag-3-8-npt","8":"product_tag-8-gpm","9":"pa_port-size-38-npt","11":"first","12":"instock","13":"taxable","14":"shipping-taxable","15":"purchasable","16":"product-type-simple"},"composite_virtual":false,"composite_layout":"","composite_add_to_cart_form_location":"","composite_editable_in_cart":false,"composite_sold_individually_context":"","composite_shop_price_calc":"","composite_components":[],"composite_scenarios":[],"_links":{"self":[{"href":"https:\/\/summit-hydraulics.com\/es\/wp-json\/wp\/v2\/product\/6961","targetHints":{"allow":["GET"]}}],"collection":[{"href":"https:\/\/summit-hydraulics.com\/es\/wp-json\/wp\/v2\/product"}],"about":[{"href":"https:\/\/summit-hydraulics.com\/es\/wp-json\/wp\/v2\/types\/product"}],"replies":[{"embeddable":true,"href":"https:\/\/summit-hydraulics.com\/es\/wp-json\/wp\/v2\/comments?post=6961"}],"wp:featuredmedia":[{"embeddable":true,"href":"https:\/\/summit-hydraulics.com\/es\/wp-json\/wp\/v2\/media\/7072"}],"wp:attachment":[{"href":"https:\/\/summit-hydraulics.com\/es\/wp-json\/wp\/v2\/media?parent=6961"}],"wp:term":[{"taxonomy":"product_cat","embeddable":true,"href":"https:\/\/summit-hydraulics.com\/es\/wp-json\/wp\/v2\/product_cat?post=6961"},{"taxonomy":"product_tag","embeddable":true,"href":"https:\/\/summit-hydraulics.com\/es\/wp-json\/wp\/v2\/product_tag?post=6961"}],"curies":[{"name":"wp","href":"https:\/\/api.w.org\/{rel}","templated":true}]}}