 {"id":6914,"date":"2018-10-09T15:02:30","date_gmt":"2018-10-09T22:02:30","guid":{"rendered":"https:\/\/summit-hydraulics.com\/?post_type=product&#038;p=6914"},"modified":"2026-04-02T15:27:18","modified_gmt":"2026-04-02T22:27:18","slug":"90-flat-face-hydraulic-quick-connect-coupler-set-3-4%e2%80%b3-jic-male-thread-2","status":"publish","type":"product","link":"https:\/\/summit-hydraulics.com\/es\/product\/90-flat-face-hydraulic-quick-connect-coupler-set-3-4%e2%80%b3-jic-male-thread-2\/","title":{"rendered":"Juego de acopladores r\u00e1pidos hidr\u00e1ulicos de cara plana de 90 grados, rosca macho 3\/4\u2033 JIC"},"content":{"rendered":"<p><span style=\"font-weight: 400;\"><strong>Tama\u00f1o del cuerpo ISO<\/strong>: 1\/2\"<\/span><\/p>\n<p><span style=\"font-weight: 400;\"><strong>Hilo del puerto<\/strong>: Macho 3\/4\" JIC (#12 JIC)<\/span><\/p>\n<p><b>Beneficios:<\/b><\/p>\n<ul>\n<li>El \u00e1ngulo de conexi\u00f3n de 90 grados evita da\u00f1os en los conductos hidr\u00e1ulicos<\/li>\n<li>Su dise\u00f1o permite un f\u00e1cil montaje de perfil bajo sin necesidad de accesorios adicionales<\/li>\n<li>Ideal para a\u00f1adir una garra a una minicargadora o al brazo de una excavadora<\/li>\n<li><span style=\"font-weight: 400;\">El dise\u00f1o de la v\u00e1lvula de cara rasante minimiza la p\u00e9rdida de fluido y la inclusi\u00f3n de aire<\/span><\/li>\n<li><span style=\"font-weight: 400;\">Manguito de bloqueo para evitar desconexiones accidentales<\/span><\/li>\n<li><span style=\"font-weight: 400;\">El recubrimiento de zinc-n\u00edquel proporciona una resistencia superior a la corrosi\u00f3n<\/span><\/li>\n<li><span style=\"font-weight: 400;\">Construcci\u00f3n de acero templado con casquillos endurecidos<\/span><\/li>\n<li><span style=\"font-weight: 400;\">Permite ca\u00eddas de presi\u00f3n m\u00ednimas<\/span><\/li>\n<li><span style=\"font-weight: 400;\">Dise\u00f1o f\u00e1cil de conectar con una sola mano<\/span><\/li>\n<li><span style=\"font-weight: 400;\">La junta de la boquilla resiste los reventones<\/span><\/li>\n<li><span style=\"font-weight: 400;\">Intercambiable con otros acoplamientos normalizados ISO 16028<\/span><\/li>\n<\/ul>\n<p><b>Caracter\u00edsticas:<\/b><\/p>\n<ul>\n<li><span style=\"font-weight: 400;\">Presi\u00f3n nominal de 5.076 PSI<\/span><\/li>\n<li><span style=\"font-weight: 400;\">Caudal nominal de 12 GPM<\/span><\/li>\n<li><span style=\"font-weight: 400;\">Las juntas de Buna-N con anillo de refuerzo de tefl\u00f3n pueden funcionar hasta 250\u00b0 F<\/span><\/li>\n<li><span style=\"font-weight: 400;\">Di\u00e1metro de la cara hembra: 1,50\" (38 mm)<\/span><\/li>\n<li><span style=\"font-weight: 400;\">Di\u00e1metro de la cara macho: 0,94\" (24,5 mm)<\/span><\/li>\n<li><span style=\"font-weight: 400;\">Longitud hembra: 3,39\" (86 mm)<\/span><\/li>\n<li><span style=\"font-weight: 400;\">Longitud macho: 3,7\" (94 mm)<\/span><\/li>\n<li><span style=\"font-weight: 400;\">Hex: 1,42\" (36 mm)<\/span><\/li>\n<\/ul>\n<p><strong>Intercambiable con:<\/strong><\/p>\n<table style=\"height: 100px;\" width=\"468\">\n<tbody>\n<tr style=\"height: 21px;\">\n<td style=\"height: 21px; width: 154px;\">Fabricante<\/td>\n<td style=\"height: 21px; width: 147px;\">Hombre<\/td>\n<td style=\"height: 21px; width: 145px;\">Mujer<\/td>\n<\/tr>\n<tr style=\"height: 21px;\">\n<td style=\"height: 21px; width: 154px;\">CUMBRE<\/td>\n<td style=\"height: 21px; width: 147px;\">FF12M-12J-90<\/td>\n<td style=\"height: 21px; width: 145px;\">FF12F-12J-90<\/td>\n<\/tr>\n<tr style=\"height: 21px;\">\n<td style=\"height: 21px; width: 154px;\">M\u00e1s r\u00e1pido<\/td>\n<td style=\"height: 21px; width: 147px;\">FFH08-61\/34SAE M<\/td>\n<td style=\"height: 21px; width: 145px;\">FFH08-61\/34SAE F<\/td>\n<\/tr>\n<tr style=\"height: 21px;\">\n<td style=\"height: 21px; width: 154px;\">Holmbury<\/td>\n<td style=\"height: 21px; width: 147px;\"><span style=\"font-size: 14.4px;\">H<\/span>12-M-12JM90<\/td>\n<td style=\"height: 21px; width: 145px;\">H12-F-12JM90<\/td>\n<\/tr>\n<\/tbody>\n<\/table>\n<p>&nbsp;<\/p>","protected":false},"excerpt":{"rendered":"<p>Juego de acopladores r\u00e1pidos hidr\u00e1ulicos de 90\u00b0 de cara plana, rosca macho 3\/4\u2033 JIC<\/p>","protected":false},"featured_media":9071,"comment_status":"open","ping_status":"closed","template":"","meta":[],"product_cat":[9,2190,1449],"product_tag":[2486,2407,2453,2484],"class_list":{"0":"post-6914","1":"product","2":"type-product","3":"status-publish","4":"has-post-thumbnail","6":"product_cat-hydraulic-flat-face-iso-16028-quick-couplers","7":"product_cat-1-2-90-degree-coupler-sets","8":"product_cat-hydraulic-1-2-body-flat-face-quick-connect-coupler","9":"product_tag-3-4-jic","10":"product_tag-1-2-body","11":"product_tag-flat-face-coupler","12":"product_tag-90-degree","13":"pa_thread-type-jic","15":"first","16":"instock","17":"taxable","18":"shipping-taxable","19":"purchasable","20":"product-type-simple"},"composite_virtual":false,"composite_layout":"","composite_add_to_cart_form_location":"","composite_editable_in_cart":false,"composite_sold_individually_context":"","composite_shop_price_calc":"","composite_components":[],"composite_scenarios":[],"_links":{"self":[{"href":"https:\/\/summit-hydraulics.com\/es\/wp-json\/wp\/v2\/product\/6914","targetHints":{"allow":["GET"]}}],"collection":[{"href":"https:\/\/summit-hydraulics.com\/es\/wp-json\/wp\/v2\/product"}],"about":[{"href":"https:\/\/summit-hydraulics.com\/es\/wp-json\/wp\/v2\/types\/product"}],"replies":[{"embeddable":true,"href":"https:\/\/summit-hydraulics.com\/es\/wp-json\/wp\/v2\/comments?post=6914"}],"wp:featuredmedia":[{"embeddable":true,"href":"https:\/\/summit-hydraulics.com\/es\/wp-json\/wp\/v2\/media\/9071"}],"wp:attachment":[{"href":"https:\/\/summit-hydraulics.com\/es\/wp-json\/wp\/v2\/media?parent=6914"}],"wp:term":[{"taxonomy":"product_cat","embeddable":true,"href":"https:\/\/summit-hydraulics.com\/es\/wp-json\/wp\/v2\/product_cat?post=6914"},{"taxonomy":"product_tag","embeddable":true,"href":"https:\/\/summit-hydraulics.com\/es\/wp-json\/wp\/v2\/product_tag?post=6914"}],"curies":[{"name":"wp","href":"https:\/\/api.w.org\/{rel}","templated":true}]}}