 {"id":6590,"date":"2018-09-21T14:31:33","date_gmt":"2018-09-21T21:31:33","guid":{"rendered":"https:\/\/summit-hydraulics.com\/?post_type=product&#038;p=6590"},"modified":"2026-04-03T14:26:15","modified_gmt":"2026-04-03T21:26:15","slug":"hydraforce-sv08-n-0-n-00","status":"publish","type":"product","link":"https:\/\/summit-hydraulics.com\/es\/product\/hydraforce-sv08-n-0-n-00\/","title":{"rendered":"Hydraforce SV08-22-0-N-00 V\u00e1lvula solenoide de cartucho con obturador, 2 v\u00edas, normalmente cerrada, flujo inverso activado"},"content":{"rendered":"<p>Hydraforce SV08-22-0-N-00 V\u00e1lvula solenoide de cartucho con obturador, 2 v\u00edas, normalmente cerrada, flujo inverso activado<\/p>\n<p><strong>SKU:\u00a0<\/strong>SV08-22-0-N-00<\/p>\n<p><strong>N\u00famero de pieza Hydraforce:\u00a0<\/strong>SV08-22-0-N-00<\/p>\n<p>V\u00e1lvula de cartucho hidr\u00e1ulica de 2 v\u00edas, normalmente cerrada, pilotada, de asiento roscado y accionada por solenoide, destinada a actuar como dispositivo de bloqueo o retenci\u00f3n de carga en circuitos de bajo caudal.<\/p>\n<p>Cuando est\u00e1 sin corriente, la SV08-22-0-N-00 act\u00faa como una v\u00e1lvula de retenci\u00f3n, permitiendo el flujo de 1 a 2, mientras que bloquea el flujo de 2 a 1.<\/p>\n<p>Cuando se energiza, la punta de la aguja se levanta para permitir el flujo bidireccional.<\/p>\n<p><strong>Caracter\u00edsticas:<\/strong><\/p>\n<ul>\n<li>Caudal m\u00e1ximo de 7 GPM<\/li>\n<li>3000 PSI nominal<\/li>\n<li>Se adapta a la cavidad VC08-2<\/li>\n<li>Utiliza solenoides de tama\u00f1o 08 (orificio de 1\/2\u2033)<\/li>\n<\/ul>\n<p><strong>N\u00fameros de pieza del conjunto de v\u00e1lvulas de cartucho (colector y solenoide incluidos):<\/strong><\/p>\n<p>Con el fin de crear el conjunto de cartucho P \/ N a continuaci\u00f3n, a\u00f1adir la bobina de solenoide apropiado y colector por separado a su carrito de compras.<\/p>\n<table style=\"height: 823px;\" width=\"722\">\n<tbody>\n<tr>\n<td width=\"187\"><strong>Conjunto de cartucho P\/N<\/strong><\/td>\n<td width=\"122\"><strong>Bobina magn\u00e9tica P\/N<\/strong><\/td>\n<td width=\"100\"><strong>N\/P del colector<\/strong><\/td>\n<td width=\"62\"><strong>Tensi\u00f3n\u00a0<\/strong><\/td>\n<td width=\"128\"><strong>Tipo de conexi\u00f3n\u00a0<\/strong><\/td>\n<\/tr>\n<tr>\n<td>SV08-22-6T-N-12ER<\/td>\n<td><a href=\"https:\/\/summit-hydraulics.com\/es\/producto\/hydraforce-4303612-solenoid-valve-deutsch-connector-12v-dc-08-series\/\">4303612<\/a><\/td>\n<td><a href=\"https:\/\/summit-hydraulics.com\/es\/producto\/hydraforce-7024660-valve-housing-2-way-size-8-6-sae-ports\/\">7024660<\/a><\/td>\n<td>12 V CC<\/td>\n<td>Conector Deutsch<\/td>\n<\/tr>\n<tr>\n<td>SV08-22-6T-N-12DL<\/td>\n<td><a href=\"https:\/\/summit-hydraulics.com\/es\/producto\/hydraforce-6302012-solenoid-valve-coil-wire-leads-12v-dc-08-series\/\">6302012<\/a><\/td>\n<td><a href=\"https:\/\/summit-hydraulics.com\/es\/producto\/hydraforce-7024660-valve-housing-2-way-size-8-6-sae-ports\/\">7024660<\/a><\/td>\n<td>12 V CC<\/td>\n<td>Cables dobles<\/td>\n<\/tr>\n<tr>\n<td>SV08-22-6T-N-12DS<\/td>\n<td><a href=\"https:\/\/summit-hydraulics.com\/es\/producto\/hydraforce-6301012-solenoid-valve-coil-2-spade-connector-12v-dc-08-series\/\">6301012<\/a><\/td>\n<td><a href=\"https:\/\/summit-hydraulics.com\/es\/producto\/hydraforce-7024660-valve-housing-2-way-size-8-6-sae-ports\/\">7024660<\/a><\/td>\n<td>12 V CC<\/td>\n<td>Pala doble<\/td>\n<\/tr>\n<tr>\n<td>SV08-22-6T-N-12DG<\/td>\n<td><a href=\"https:\/\/summit-hydraulics.com\/es\/producto\/hydraforce-6306012-solenoid-valve-coil-3-prong-din-connector-12v-dc-08-series\/\">6306012<\/a><\/td>\n<td><a href=\"https:\/\/summit-hydraulics.com\/es\/producto\/hydraforce-7024660-valve-housing-2-way-size-8-6-sae-ports\/\">7024660<\/a><\/td>\n<td>12 V CC<\/td>\n<td>DIN de 3 clavijas<\/td>\n<\/tr>\n<tr>\n<td>SV08-22-6T-N-12EY<\/td>\n<td><a href=\"https:\/\/summit-hydraulics.com\/es\/producto\/hydraforce-4303412\/\">4303412<\/a><\/td>\n<td><a href=\"https:\/\/summit-hydraulics.com\/es\/producto\/hydraforce-7024660-valve-housing-2-way-size-8-6-sae-ports\/\">7024660<\/a><\/td>\n<td>12 V CC<\/td>\n<td>Metri-Pack 150<\/td>\n<\/tr>\n<tr>\n<td>SV08-22-6T-N-12DL\/W<\/td>\n<td><a href=\"https:\/\/summit-hydraulics.com\/es\/producto\/hydraforce-6309412-electrovalvula-weather-pack-conector-12v-cc-serie-08\/\">6309412<\/a><\/td>\n<td><a href=\"https:\/\/summit-hydraulics.com\/es\/producto\/hydraforce-7024660-valve-housing-2-way-size-8-6-sae-ports\/\">7024660<\/a><\/td>\n<td>12 V CC<\/td>\n<td>Paquete meteorol\u00f3gico<\/td>\n<\/tr>\n<tr>\n<td>SV08-22-6T-N-12EL<\/td>\n<td><a href=\"https:\/\/summit-hydraulics.com\/es\/producto\/hydraforce-4305112-solenoid-valve-coil-dual-wire-leads-12v-dc-08-series\/\">4305112<\/a><\/td>\n<td><a href=\"https:\/\/summit-hydraulics.com\/es\/producto\/hydraforce-7024660-valve-housing-2-way-size-8-6-sae-ports\/\">7024660<\/a><\/td>\n<td>12 V CC<\/td>\n<td>Cables dobles<\/td>\n<\/tr>\n<tr>\n<td>SV08-22-6T-N-24ER<\/td>\n<td><a href=\"https:\/\/summit-hydraulics.com\/es\/producto\/hydraforce-4303624-solenoid-valve-deutsch-connector-24v-dc-08-series\/\">4303624<\/a><\/td>\n<td><a href=\"https:\/\/summit-hydraulics.com\/es\/producto\/hydraforce-7024660-valve-housing-2-way-size-8-6-sae-ports\/\">7024660<\/a><\/td>\n<td>24 V CC<\/td>\n<td>Conector Deutsch<\/td>\n<\/tr>\n<tr>\n<td>SV08-22-6T-N-24DL<\/td>\n<td><a href=\"https:\/\/summit-hydraulics.com\/es\/producto\/hydraforce-6302024-solenoid-valve-coil-wire-leads-24v-dc-series-08\/\">6302024<\/a><\/td>\n<td><a href=\"https:\/\/summit-hydraulics.com\/es\/producto\/hydraforce-7024660-valve-housing-2-way-size-8-6-sae-ports\/\">7024660<\/a><\/td>\n<td>24 V CC<\/td>\n<td>Cables dobles<\/td>\n<\/tr>\n<tr>\n<td>SV08-22-6T-N-24EY<\/td>\n<td><a href=\"https:\/\/summit-hydraulics.com\/es\/producto\/hydraforce-4303424-bobina-de-electrovalvula-metri-pack-150-conector-24v-cc-serie-08\/\">4303424<\/a><\/td>\n<td><a href=\"https:\/\/summit-hydraulics.com\/es\/producto\/hydraforce-7024660-valve-housing-2-way-size-8-6-sae-ports\/\">7024660<\/a><\/td>\n<td>24 V CC<\/td>\n<td>Metri-Pack 150<\/td>\n<\/tr>\n<tr>\n<td>SV08-22-6T-N-24DG<\/td>\n<td><a href=\"https:\/\/summit-hydraulics.com\/es\/producto\/hydraforce-6306024-solenoid-valve-coil-3-prong-din-connector-24v-dc-08-series\/\">6306024<\/a><\/td>\n<td><a href=\"https:\/\/summit-hydraulics.com\/es\/producto\/hydraforce-7024660-valve-housing-2-way-size-8-6-sae-ports\/\">7024660<\/a><\/td>\n<td>24 V CC<\/td>\n<td>DIN de 3 clavijas<\/td>\n<\/tr>\n<tr>\n<td>SV08-22-6T-N-10DS<\/td>\n<td><a href=\"https:\/\/summit-hydraulics.com\/es\/producto\/hydraforce-6301010\/\">6301010<\/a><\/td>\n<td><a href=\"https:\/\/summit-hydraulics.com\/es\/producto\/hydraforce-7024660-valve-housing-2-way-size-8-6-sae-ports\/\">7024660<\/a><\/td>\n<td>10 V CC<\/td>\n<td>Pala doble<\/td>\n<\/tr>\n<tr>\n<td>SV08-22-6T-N-12EY\/Z<\/td>\n<td><a href=\"https:\/\/summit-hydraulics.com\/es\/producto\/hydraforce-4303812-solenoid-valve-coil-metri-pack-150-connector-zener-diode-12v-dc-08-series\/\">4303812\u00a0<\/a><\/td>\n<td><a href=\"https:\/\/summit-hydraulics.com\/es\/producto\/hydraforce-7024660-valve-housing-2-way-size-8-6-sae-ports\/\">7024660<\/a><\/td>\n<td>12 V CC<\/td>\n<td>Metri-Pack 150<\/td>\n<\/tr>\n<tr>\n<td>SV08-22-6T-N-12ER\/Z<\/td>\n<td><a href=\"https:\/\/summit-hydraulics.com\/es\/producto\/hydraforce-4304012-solenoide-valvula-conector-zener-diode-12v-dc-08-series\/\">4304012<\/a><\/td>\n<td><a href=\"https:\/\/summit-hydraulics.com\/es\/producto\/hydraforce-7024660-valve-housing-2-way-size-8-6-sae-ports\/\">7024660<\/a><\/td>\n<td>12 V CC<\/td>\n<td>Conector Deutsch<\/td>\n<\/tr>\n<tr>\n<td>SV08-22-6T-N-12EG<\/td>\n<td><a href=\"https:\/\/summit-hydraulics.com\/es\/producto\/hydraforce-4305862\/\">4305862<\/a><\/td>\n<td><a href=\"https:\/\/summit-hydraulics.com\/es\/producto\/hydraforce-7024660-valve-housing-2-way-size-8-6-sae-ports\/\">7024660<\/a><\/td>\n<td>12 V CC<\/td>\n<td>DIN de 3 clavijas<\/td>\n<\/tr>\n<tr>\n<td>SV08-22-6T-N-12DL\/W\/D<\/td>\n<td><a href=\"https:\/\/summit-hydraulics.com\/es\/producto\/hydraforce-6309737-solenoide-valvula-bobina-conector-conductor-w-diode-12v-dc-08-series\/\">6309737\u00a0<\/a><\/td>\n<td><a href=\"https:\/\/summit-hydraulics.com\/es\/producto\/hydraforce-7024660-valve-housing-2-way-size-8-6-sae-ports\/\">7024660<\/a><\/td>\n<td>12 V CC<\/td>\n<td>Paquete meteorol\u00f3gico<\/td>\n<\/tr>\n<tr>\n<td>SV08-22-6T-N-24DR<\/td>\n<td><a href=\"https:\/\/summit-hydraulics.com\/es\/producto\/hydraforce-4301524\/\">4301524<\/a><\/td>\n<td><a href=\"https:\/\/summit-hydraulics.com\/es\/producto\/hydraforce-7024660-valve-housing-2-way-size-8-6-sae-ports\/\">7024660<\/a><\/td>\n<td>24 V CC<\/td>\n<td>Conector Deutsch<\/td>\n<\/tr>\n<tr>\n<td>SV08-22-6T-N-24ER\/Z<\/td>\n<td><a href=\"https:\/\/summit-hydraulics.com\/es\/producto\/hydraforce-4304024-solenoide-valvula-conector-zener-diode-24v-dc-08-serie\/\">4304024<\/a><\/td>\n<td><a href=\"https:\/\/summit-hydraulics.com\/es\/producto\/hydraforce-7024660-valve-housing-2-way-size-8-6-sae-ports\/\">7024860<\/a><\/td>\n<td>24 V CC<\/td>\n<td>Conector Deutsch<\/td>\n<\/tr>\n<tr>\n<td>SV08-22-6T-N-24DS<\/td>\n<td><a href=\"https:\/\/summit-hydraulics.com\/es\/producto\/hydraforce-6301024\/\">6301024\u00a0<\/a><\/td>\n<td><a href=\"https:\/\/summit-hydraulics.com\/es\/producto\/hydraforce-7024660-valve-housing-2-way-size-8-6-sae-ports\/\">7024660<\/a><\/td>\n<td>24 V CC<\/td>\n<td>Pala doble<\/td>\n<\/tr>\n<tr>\n<td>SV08-22-6T-N-115AP<\/td>\n<td><a href=\"https:\/\/summit-hydraulics.com\/es\/producto\/hydraforce-6315115-bobina-de-electrovalvula-cables-115v-ac-serie-08\/\">6315115<\/a><\/td>\n<td><a href=\"https:\/\/summit-hydraulics.com\/es\/producto\/hydraforce-7024660-valve-housing-2-way-size-8-6-sae-ports\/\">7024660<\/a><\/td>\n<td>115 V CA<\/td>\n<td>Cables dobles<\/td>\n<\/tr>\n<tr>\n<td>SV08-22-6T-N-115AG<\/td>\n<td><a href=\"https:\/\/summit-hydraulics.com\/es\/producto\/hydraforce-6316115-solenoid-valve-coil-wire-leads-115v-ac-10-series-copy\/\">6316115\u00a0<\/a><\/td>\n<td><a href=\"https:\/\/summit-hydraulics.com\/es\/producto\/hydraforce-7024660-valve-housing-2-way-size-8-6-sae-ports\/\">7024660<\/a><\/td>\n<td>115 V CA<\/td>\n<td>DIN de 3 clavijas<\/td>\n<\/tr>\n<tr>\n<td><\/td>\n<td><\/td>\n<td><\/td>\n<td><\/td>\n<td><\/td>\n<\/tr>\n<tr>\n<td colspan=\"2\">Bobinas adicionales sin montaje P\/N<\/td>\n<td><\/td>\n<td><\/td>\n<td><\/td>\n<\/tr>\n<tr>\n<td colspan=\"4\"><strong><a href=\"https:\/\/summit-hydraulics.com\/es\/producto\/hydraforce-4305872\/\">4305872<\/a><\/strong>, <strong><a href=\"https:\/\/summit-hydraulics.com\/es\/producto\/hydraforce-6303012-solenoid-valve-coil-stud-connector-12v-dc-08-series\/\">6303012<\/a><\/strong>, <strong><a href=\"https:\/\/summit-hydraulics.com\/es\/producto\/hydraforce-6309311-solenoide-valvula-coil-para-cargadores-bobcat\/\">6309311<\/a><\/strong>, <strong><a href=\"https:\/\/summit-hydraulics.com\/es\/producto\/hydraforce-4305124\/\">4305124<\/a><\/strong>, <strong><a href=\"https:\/\/summit-hydraulics.com\/es\/producto\/hydraforce-4305864\/\">4305864<\/a><\/strong>, <strong><a href=\"https:\/\/summit-hydraulics.com\/es\/producto\/hydraforce-6309739\/\">6309739<\/a><\/strong>, <strong><a href=\"https:\/\/summit-hydraulics.com\/es\/producto\/hydraforce-6315024-bobina-de-electrovalvula-cables-24v-ac-serie-08\/\">6315024<\/a><\/strong>, <a href=\"https:\/\/summit-hydraulics.com\/es\/producto\/deltrol-10246-43-solenoid-coil-three-spade-connector-120v-ac-08-series\/\"><strong>1026-43<\/strong><\/a><\/td>\n<td><\/td>\n<\/tr>\n<\/tbody>\n<\/table>\n<p>&nbsp;<\/p>","protected":false},"excerpt":{"rendered":"<p>Hydraforce SV08-22-0-N-00 V\u00e1lvula solenoide de cartucho con obturador, 2 v\u00edas, normalmente cerrada, flujo inverso activado<\/p>","protected":false},"featured_media":6814,"comment_status":"open","ping_status":"closed","template":"","meta":[],"product_cat":[1484,799],"product_tag":[2397,2436,2500],"class_list":{"0":"post-6590","1":"product","2":"type-product","3":"status-publish","4":"has-post-thumbnail","6":"product_cat-08-series-1-2","7":"product_cat-cartridge-valves","8":"product_tag-08-series","9":"product_tag-2-way","10":"product_tag-cartridges","12":"first","13":"instock","14":"taxable","15":"shipping-taxable","16":"purchasable","17":"product-type-simple"},"composite_virtual":false,"composite_layout":"","composite_add_to_cart_form_location":"","composite_editable_in_cart":false,"composite_sold_individually_context":"","composite_shop_price_calc":"","composite_components":[],"composite_scenarios":[],"_links":{"self":[{"href":"https:\/\/summit-hydraulics.com\/es\/wp-json\/wp\/v2\/product\/6590","targetHints":{"allow":["GET"]}}],"collection":[{"href":"https:\/\/summit-hydraulics.com\/es\/wp-json\/wp\/v2\/product"}],"about":[{"href":"https:\/\/summit-hydraulics.com\/es\/wp-json\/wp\/v2\/types\/product"}],"replies":[{"embeddable":true,"href":"https:\/\/summit-hydraulics.com\/es\/wp-json\/wp\/v2\/comments?post=6590"}],"wp:featuredmedia":[{"embeddable":true,"href":"https:\/\/summit-hydraulics.com\/es\/wp-json\/wp\/v2\/media\/6814"}],"wp:attachment":[{"href":"https:\/\/summit-hydraulics.com\/es\/wp-json\/wp\/v2\/media?parent=6590"}],"wp:term":[{"taxonomy":"product_cat","embeddable":true,"href":"https:\/\/summit-hydraulics.com\/es\/wp-json\/wp\/v2\/product_cat?post=6590"},{"taxonomy":"product_tag","embeddable":true,"href":"https:\/\/summit-hydraulics.com\/es\/wp-json\/wp\/v2\/product_tag?post=6590"}],"curies":[{"name":"wp","href":"https:\/\/api.w.org\/{rel}","templated":true}]}}