 {"id":547,"date":"2017-02-03T00:47:37","date_gmt":"2017-02-03T07:47:37","guid":{"rendered":"https:\/\/summit-hydraulics.com\/product\/ag12f-08n\/"},"modified":"2026-04-15T07:49:14","modified_gmt":"2026-04-15T14:49:14","slug":"1-2-ag-hydraulic-quick-connect-female-coupler-poppet-valve-1-2-npt","status":"publish","type":"product","link":"https:\/\/summit-hydraulics.com\/es\/product\/1-2-ag-hydraulic-quick-connect-female-coupler-poppet-valve-1-2-npt\/","title":{"rendered":"1\/2\u2033 Acoplador hidr\u00e1ulico r\u00e1pido hembra, v\u00e1lvula de asiento, 1\/2\u2033 NPT"},"content":{"rendered":"<div>\n<p>Esta serie de acopladores son los acopladores de conexi\u00f3n r\u00e1pida m\u00e1s comunes utilizados en la agricultura, la construcci\u00f3n y las industrias madereras. Son intercambiables con todos los acopladores de 1\/2\u2033 de la serie ISO 5675 \/ estilo Pioneer, incluida la v\u00e1lvula de asiento de bola, la junta de asiento y los acopladores de 1\/2\u2033 de la serie ISO 7241-A.<\/p>\n<p><strong>Tama\u00f1o del cuerpo:<\/strong>\u00a01\/2\u2033 Cuerpo<\/p>\n<p><strong>Tama\u00f1o de rosca:<\/strong> 1\/2\u2033 NPT, v\u00e1lvula de asiento<\/p>\n<p>Este acoplador hembra de 1\/2\u2033 se conecta a su <a href=\"https:\/\/summit-hydraulics.com\/es\/producto\/1-2-ag-hydraulic-quick-connect-male-coupler-poppet-valve-1-2-npt\/\">equivalente masculino<\/a>. Tambi\u00e9n disponemos de\u00a0<a href=\"https:\/\/summit-hydraulics.com\/es\/producto\/1-2-ag-acopladores-hidraulicos-de-conexion-rapida-poppet-valve\/\">juego completo<\/a>que incluye un acoplador macho y otro hembra.<\/p>\n<p><strong>Caracter\u00edsticas:<\/strong><\/p>\n<ul>\n<li>Caudal nominal: 12 GPM<\/li>\n<li>Caudal m\u00e1ximo: 24 GPM<\/li>\n<li>Clasificaci\u00f3n 3600 PSI<\/li>\n<li>Tapones de acero endurecido<\/li>\n<li>Capacidad de rotura de 23.000 PSI (acoplado)<\/li>\n<\/ul>\n<p><strong>Intercambiable con:<\/strong><\/p>\n<table style=\"width: 658px;\" width=\"662\">\n<tbody>\n<tr>\n<td style=\"width: 306.042px;\">Fabricante<\/td>\n<td style=\"width: 340.486px;\">Mujer<\/td>\n<\/tr>\n<tr>\n<td style=\"width: 306.042px;\">CUMBRE<\/td>\n<td style=\"width: 340.486px;\">AG12F-08N<\/td>\n<\/tr>\n<tr>\n<td style=\"width: 306.042px;\">Parker Serie 4000<\/td>\n<td style=\"width: 340.486px;\">4050-4P<\/td>\n<\/tr>\n<tr>\n<td style=\"width: 306.042px;\">Safeway Serie S20<\/td>\n<td style=\"width: 340.486px;\">S25-4P<\/td>\n<\/tr>\n<tr>\n<td style=\"width: 306.042px;\">Serie NV\/NS m\u00e1s r\u00e1pida<\/td>\n<td style=\"width: 340.486px;\">NV 12 NPT F<\/td>\n<\/tr>\n<tr>\n<td style=\"width: 306.042px;\">Serie Stucchi IRV<\/td>\n<td style=\"width: 340.486px;\">800501004<br \/>\nF IR12V NPT<\/td>\n<\/tr>\n<tr>\n<td style=\"width: 306.042px;\">Dixon Serie AG<\/td>\n<td style=\"width: 340.486px;\">4AGF4-PV<\/td>\n<\/tr>\n<\/tbody>\n<\/table>\n<p><strong>Qu\u00e9 incluye:<\/strong><\/p>\n<ul>\n<li>Acoplador hembra<\/li>\n<li>Tap\u00f3n antipolvo de PVC<\/li>\n<\/ul>\n<p>https:\/\/summit-hydraulics.com\/product\/dust-cap-and-plug-set-for-1-2%E2%80%B3-body-ag-couplers\/<\/p>\n<\/div>","protected":false},"excerpt":{"rendered":"<p>1\/2\u2033 Acoplador hidr\u00e1ulico r\u00e1pido hembra, v\u00e1lvula de asiento, 1\/2\u2033 NPT<\/p>","protected":false},"featured_media":549,"comment_status":"open","ping_status":"closed","template":"","meta":[],"product_cat":[1987,1721,8],"product_tag":[2407,2408,2447,2452],"class_list":{"0":"post-547","1":"product","2":"type-product","3":"status-publish","4":"has-post-thumbnail","6":"product_cat-hydraulic-1-2-body-agricultural-iso-5675-quick-connect-female-couplers","7":"product_cat-1-2-agricultural-iso-5675-quick-couplers","8":"product_cat-hydraulic-agricultural-iso-5675-quick-couplers","9":"product_tag-1-2-body","10":"product_tag-1-2-npt","11":"product_tag-agricultural-style-coupler","12":"product_tag-female-coupler","13":"pa_coupling-female","14":"pa_iso-body-size-33","15":"pa_iso-standard-27","16":"pa_thread-type-npt","18":"first","19":"instock","20":"taxable","21":"shipping-taxable","22":"purchasable","23":"product-type-simple"},"composite_virtual":false,"composite_layout":"","composite_add_to_cart_form_location":"","composite_editable_in_cart":false,"composite_sold_individually_context":"","composite_shop_price_calc":"","composite_components":[],"composite_scenarios":[],"_links":{"self":[{"href":"https:\/\/summit-hydraulics.com\/es\/wp-json\/wp\/v2\/product\/547","targetHints":{"allow":["GET"]}}],"collection":[{"href":"https:\/\/summit-hydraulics.com\/es\/wp-json\/wp\/v2\/product"}],"about":[{"href":"https:\/\/summit-hydraulics.com\/es\/wp-json\/wp\/v2\/types\/product"}],"replies":[{"embeddable":true,"href":"https:\/\/summit-hydraulics.com\/es\/wp-json\/wp\/v2\/comments?post=547"}],"wp:featuredmedia":[{"embeddable":true,"href":"https:\/\/summit-hydraulics.com\/es\/wp-json\/wp\/v2\/media\/549"}],"wp:attachment":[{"href":"https:\/\/summit-hydraulics.com\/es\/wp-json\/wp\/v2\/media?parent=547"}],"wp:term":[{"taxonomy":"product_cat","embeddable":true,"href":"https:\/\/summit-hydraulics.com\/es\/wp-json\/wp\/v2\/product_cat?post=547"},{"taxonomy":"product_tag","embeddable":true,"href":"https:\/\/summit-hydraulics.com\/es\/wp-json\/wp\/v2\/product_tag?post=547"}],"curies":[{"name":"wp","href":"https:\/\/api.w.org\/{rel}","templated":true}]}}