 {"id":54349,"date":"2021-07-30T11:57:32","date_gmt":"2021-07-30T18:57:32","guid":{"rendered":"https:\/\/summit-hydraulics.com\/?post_type=product&#038;p=54349"},"modified":"2026-04-05T07:42:12","modified_gmt":"2026-04-05T14:42:12","slug":"conector-adaptador-de-centro-cerrado-para-valvulas-monobloque-de-la-serie-p40g-de-la-cumbre","status":"publish","type":"product","link":"https:\/\/summit-hydraulics.com\/es\/product\/closed-center-adapter-plug-for-p40g-series-summit-monoblock-valves\/","title":{"rendered":"Tap\u00f3n adaptador de centro cerrado para v\u00e1lvulas monobloque Summit serie P40G"},"content":{"rendered":"<p>Adaptador de centro cerrado para convertir las v\u00e1lvulas monobloque Summit serie P40G de centro abierto a centro cerrado. Esto se ajustar\u00eda a nuestra versi\u00f3n roscada G de nuestras v\u00e1lvulas P40 <strong>s\u00f3lo<\/strong>. Utiliza un anillo de rosca G plano en lugar de una junta t\u00f3rica SAE redondeada est\u00e1ndar (comparaci\u00f3n ilustrada arriba).<\/p>\n<p>Se enrosca en el puerto \"N\" de las v\u00e1lvulas monobloque Summit de la serie P40G<\/p>\n<p>#8 (1\/2 - 14) Rosca G (Rosca de tuber\u00eda brit\u00e1nica paralela)<\/p>\n<p><a href=\"https:\/\/summit-hydraulics.com\/es\/categoria-de-producto\/valvulas\/valvulas-de-control-hidraulico\/valvulas-monobloque-manuales\/\">Haga clic aqu\u00ed para v\u00e1lvulas monobloque manuales<\/a> o <a href=\"https:\/\/summit-hydraulics.com\/es\/categoria-de-producto\/valvulas\/valvulas-de-control-hidraulico\/electrovalvula-de-control-direccional-monobloque\/\">V\u00e1lvulas monobloque de solenoide<\/a>.<\/p>\n<p>&nbsp;<\/p>\n<p>\u00bfNo sabe si su sistema es de centro abierto o cerrado? Lea nuestro <strong><a href=\"https:\/\/summit-hydraulics.com\/es\/sistemas-hidraulicos-de-centro-abierto-y-centro-cerrado\/\">blog<\/a><\/strong>.<\/p>","protected":false},"excerpt":{"rendered":"<p>Tap\u00f3n adaptador de centro cerrado para v\u00e1lvulas monobloque Summit serie P40G<\/p>","protected":false},"featured_media":54025,"comment_status":"open","ping_status":"closed","template":"","meta":[],"product_cat":[1724],"product_tag":[5120],"class_list":{"0":"post-54349","1":"product","2":"type-product","3":"status-publish","4":"has-post-thumbnail","6":"product_cat-11-gpm-valves","7":"product_tag-construct","9":"first","10":"instock","11":"taxable","12":"shipping-taxable","13":"purchasable","14":"product-type-simple"},"composite_virtual":false,"composite_layout":"","composite_add_to_cart_form_location":"","composite_editable_in_cart":false,"composite_sold_individually_context":"","composite_shop_price_calc":"","composite_components":[],"composite_scenarios":[],"_links":{"self":[{"href":"https:\/\/summit-hydraulics.com\/es\/wp-json\/wp\/v2\/product\/54349","targetHints":{"allow":["GET"]}}],"collection":[{"href":"https:\/\/summit-hydraulics.com\/es\/wp-json\/wp\/v2\/product"}],"about":[{"href":"https:\/\/summit-hydraulics.com\/es\/wp-json\/wp\/v2\/types\/product"}],"replies":[{"embeddable":true,"href":"https:\/\/summit-hydraulics.com\/es\/wp-json\/wp\/v2\/comments?post=54349"}],"wp:featuredmedia":[{"embeddable":true,"href":"https:\/\/summit-hydraulics.com\/es\/wp-json\/wp\/v2\/media\/54025"}],"wp:attachment":[{"href":"https:\/\/summit-hydraulics.com\/es\/wp-json\/wp\/v2\/media?parent=54349"}],"wp:term":[{"taxonomy":"product_cat","embeddable":true,"href":"https:\/\/summit-hydraulics.com\/es\/wp-json\/wp\/v2\/product_cat?post=54349"},{"taxonomy":"product_tag","embeddable":true,"href":"https:\/\/summit-hydraulics.com\/es\/wp-json\/wp\/v2\/product_tag?post=54349"}],"curies":[{"name":"wp","href":"https:\/\/api.w.org\/{rel}","templated":true}]}}