 {"id":449,"date":"2017-01-02T01:41:25","date_gmt":"2017-01-02T08:41:25","guid":{"rendered":"https:\/\/summit-hydraulics.com\/product\/flat-face-high-flow-hydraulic-quick-disconnect-coupler-set-34-body-x-34-npt\/"},"modified":"2026-04-01T13:52:26","modified_gmt":"2026-04-01T20:52:26","slug":"juego-de-acopladores-rapidos-hidraulicos-de-alto-caudal-3-4-caras-planas-rosca-3-4-npt","status":"publish","type":"product","link":"https:\/\/summit-hydraulics.com\/es\/product\/3-4-flat-face-high-flow-hydraulic-quick-connect-coupler-set-3-4-npt-thread\/","title":{"rendered":"Juego de acopladores r\u00e1pidos hidr\u00e1ulicos de 3\/4\u2033 de cara plana y alto caudal, rosca NPT de 3\/4\u2033."},"content":{"rendered":"<p><span style=\"font-family: verdana, geneva, sans-serif;\"><strong>Tama\u00f1o:<\/strong>\u00a0Cuerpo de 3\/4\u2033 con rosca NPT de 3\/4<\/span><\/p>\n<p>Este juego de acopladores de 3\/4\u2033 se compone de un <a href=\"https:\/\/summit-hydraulics.com\/es\/producto\/3-4%e2%80%b3-flat-face-high-flow-hydraulic-quick-connect-male-coupler-3-4-npt-thread-copy\/\" target=\"_blank\" rel=\"noopener\">masculino<\/a>\u00a0y\u00a0<a href=\"https:\/\/summit-hydraulics.com\/es\/producto\/3-4%e2%80%b3-flat-face-high-flow-hydraulic-quick-connect-female-coupler-3-4-npt-thread-copy-2\/\" target=\"_blank\" rel=\"noopener\">acoplador r\u00e1pido hembra<\/a>.<\/p>\n<p><span style=\"font-family: verdana, geneva, sans-serif;\"><strong>Caracter\u00edsticas:<\/strong><\/span><\/p>\n<ul>\n<li><span style=\"font-family: verdana, geneva, sans-serif;\">Dise\u00f1o resistente con 5076 PSI de presi\u00f3n nominal<\/span><\/li>\n<li><span style=\"font-family: verdana, geneva, sans-serif;\">Caudal m\u00e1ximo: 52 GPM<\/span><\/li>\n<li><span style=\"font-family: verdana, geneva, sans-serif;\">El manguito de bloqueo ayuda a evitar desconexiones accidentales<\/span><\/li>\n<li><span style=\"font-family: verdana, geneva, sans-serif;\">Perfil compacto con gran caudal<\/span><\/li>\n<li><span style=\"font-family: verdana, geneva, sans-serif;\">Construcci\u00f3n de acero templado con chapado anticorrosivo<\/span><\/li>\n<li><span style=\"font-family: verdana, geneva, sans-serif;\">Los manguitos est\u00e1n endurecidos para resistir la deformaci\u00f3n y maximizar la vida \u00fatil del enganche<\/span><\/li>\n<li><span style=\"font-family: verdana, geneva, sans-serif;\">Dise\u00f1o de la v\u00e1lvula que permite unas ca\u00eddas de presi\u00f3n m\u00ednimas y un manejo con una sola mano<\/span><\/li>\n<li><span style=\"font-family: verdana, geneva, sans-serif;\">Las juntas est\u00e1n clasificadas para temperaturas de funcionamiento de hasta 250 \u00b0F<\/span><\/li>\n<\/ul>\n<p><span style=\"font-family: verdana, geneva, sans-serif;\"><strong>Intercambiable con:<\/strong><\/span><\/p>\n<table width=\"623\">\n<tbody>\n<tr>\n<td width=\"207\"><span style=\"font-family: verdana, geneva, sans-serif;\">Fabricante<\/span><\/td>\n<td width=\"210\"><span style=\"font-family: verdana, geneva, sans-serif;\">Hombre<\/span><\/td>\n<td width=\"206\"><span style=\"font-family: verdana, geneva, sans-serif;\">Mujer<\/span><\/td>\n<\/tr>\n<tr>\n<td><span style=\"font-family: verdana, geneva, sans-serif;\">CUMBRE<\/span><\/td>\n<td><span style=\"font-family: verdana, geneva, sans-serif;\">FF34M-12N<\/span><\/td>\n<td><span style=\"font-family: verdana, geneva, sans-serif;\">FF34F-12N<\/span><\/td>\n<\/tr>\n<tr>\n<td><span style=\"font-family: verdana, geneva, sans-serif;\">Serie Parker FE<\/span><\/td>\n<td><span style=\"font-family: verdana, geneva, sans-serif;\">FEM-752-12FP<\/span><\/td>\n<td><span style=\"font-family: verdana, geneva, sans-serif;\">FEM-751-12FP<\/span><\/td>\n<\/tr>\n<tr>\n<td><span style=\"font-family: verdana, geneva, sans-serif;\">Safeway Serie FFE49<\/span><\/td>\n<td><span style=\"font-family: verdana, geneva, sans-serif;\">FFE491-6<\/span><\/td>\n<td><span style=\"font-family: verdana, geneva, sans-serif;\">FFE495-6<\/span><\/td>\n<\/tr>\n<tr>\n<td><span style=\"font-family: verdana, geneva, sans-serif;\">Serie FFH m\u00e1s r\u00e1pida<\/span><\/td>\n<td><span style=\"font-family: verdana, geneva, sans-serif;\">FFH12 34NPT M<\/span><\/td>\n<td><span style=\"font-family: verdana, geneva, sans-serif;\">FFH12 34NPT F<\/span><\/td>\n<\/tr>\n<tr>\n<td><span style=\"font-family: verdana, geneva, sans-serif;\">Eaton Aeroquip FD89<\/span><\/td>\n<td><span style=\"font-family: verdana, geneva, sans-serif;\">FD89-1002-12-10<\/span><\/td>\n<td><span style=\"font-family: verdana, geneva, sans-serif;\">FD89-1001-12-10<\/span><\/td>\n<\/tr>\n<tr>\n<td><span style=\"font-family: verdana, geneva, sans-serif;\">Snap Tite Serie 74<\/span><\/td>\n<td><span style=\"font-family: verdana, geneva, sans-serif;\">74N12-12F<\/span><\/td>\n<td><span style=\"font-family: verdana, geneva, sans-serif;\">74C12-12F<\/span><\/td>\n<\/tr>\n<tr>\n<td><span style=\"font-family: verdana, geneva, sans-serif;\">Serie FIRG de Stucchi<\/span><\/td>\n<td><span style=\"font-family: verdana, geneva, sans-serif;\">800801021<\/span><\/td>\n<td><span style=\"font-family: verdana, geneva, sans-serif;\">800801020<\/span><\/td>\n<\/tr>\n<tr>\n<td><span style=\"font-family: verdana, geneva, sans-serif;\">Dixon Serie HT<\/span><\/td>\n<td><span style=\"font-family: verdana, geneva, sans-serif;\">HT6F6<\/span><\/td>\n<td><span style=\"font-family: verdana, geneva, sans-serif;\">6HTF6<\/span><\/td>\n<\/tr>\n<tr>\n<td><span style=\"font-family: verdana, geneva, sans-serif;\">Serie DNP PLT4<\/span><\/td>\n<td><span style=\"font-family: verdana, geneva, sans-serif;\">FF-HPG-12-12N-NPT<\/span><\/td>\n<td><span style=\"font-family: verdana, geneva, sans-serif;\">FF-HPG-12-12C-NPT<\/span><\/td>\n<\/tr>\n<tr>\n<td><span style=\"font-family: verdana, geneva, sans-serif;\">Tomco Serie FE<\/span><\/td>\n<td><span style=\"font-family: verdana, geneva, sans-serif;\">EP6-31<\/span><\/td>\n<td><span style=\"font-family: verdana, geneva, sans-serif;\">EC6-31<\/span><\/td>\n<\/tr>\n<\/tbody>\n<\/table>\n<p>&nbsp;<\/p>\n<p><span style=\"font-family: verdana, geneva, sans-serif;\"><img loading=\"lazy\" decoding=\"async\" class=\"alignnone size-medium wp-image-9182\" src=\"https:\/\/summit-hydraulics.com\/wp-content\/uploads\/2018\/12\/FF34-12N-Dimensions-800x800.jpg\" alt=\"\" width=\"800\" height=\"800\" \/><\/span><\/p>","protected":false},"excerpt":{"rendered":"<p>Juego de acopladores r\u00e1pidos hidr\u00e1ulicos de 3\/4\u2033 de cara plana y alto caudal, rosca NPT de 3\/4\u2033.<\/p>","protected":false},"featured_media":8359,"comment_status":"open","ping_status":"closed","template":"","meta":[],"product_cat":[1950,9,1451],"product_tag":[2413,2414,2449,2453],"class_list":{"0":"post-449","1":"product","2":"type-product","3":"status-publish","4":"has-post-thumbnail","6":"product_cat-hydraulic-3-4-body-flat-face-quick-connect-coupler-sets","7":"product_cat-hydraulic-flat-face-iso-16028-quick-couplers","8":"product_cat-hydraulic-3-4-body-flat-face-quick-connect-coupler","9":"product_tag-3-4-body","10":"product_tag-3-4-npt","11":"product_tag-coupler-set","12":"product_tag-flat-face-coupler","13":"pa_coupling-set","14":"pa_iso-body-size-35","15":"pa_iso-standard-26","16":"pa_thread-type-npt","18":"first","19":"instock","20":"taxable","21":"shipping-taxable","22":"purchasable","23":"product-type-simple"},"composite_virtual":false,"composite_layout":"","composite_add_to_cart_form_location":"","composite_editable_in_cart":false,"composite_sold_individually_context":"","composite_shop_price_calc":"","composite_components":[],"composite_scenarios":[],"_links":{"self":[{"href":"https:\/\/summit-hydraulics.com\/es\/wp-json\/wp\/v2\/product\/449","targetHints":{"allow":["GET"]}}],"collection":[{"href":"https:\/\/summit-hydraulics.com\/es\/wp-json\/wp\/v2\/product"}],"about":[{"href":"https:\/\/summit-hydraulics.com\/es\/wp-json\/wp\/v2\/types\/product"}],"replies":[{"embeddable":true,"href":"https:\/\/summit-hydraulics.com\/es\/wp-json\/wp\/v2\/comments?post=449"}],"wp:featuredmedia":[{"embeddable":true,"href":"https:\/\/summit-hydraulics.com\/es\/wp-json\/wp\/v2\/media\/8359"}],"wp:attachment":[{"href":"https:\/\/summit-hydraulics.com\/es\/wp-json\/wp\/v2\/media?parent=449"}],"wp:term":[{"taxonomy":"product_cat","embeddable":true,"href":"https:\/\/summit-hydraulics.com\/es\/wp-json\/wp\/v2\/product_cat?post=449"},{"taxonomy":"product_tag","embeddable":true,"href":"https:\/\/summit-hydraulics.com\/es\/wp-json\/wp\/v2\/product_tag?post=449"}],"curies":[{"name":"wp","href":"https:\/\/api.w.org\/{rel}","templated":true}]}}