{"id":43389,"date":"2020-11-12T12:56:26","date_gmt":"2020-11-12T19:56:26","guid":{"rendered":"https:\/\/summit-hydraulics.com\/?post_type=product&#038;p=43389"},"modified":"2026-04-23T11:49:36","modified_gmt":"2026-04-23T18:49:36","slug":"manguito-adaptador-de-alimentacion-para-valvulas-monobloque-de-la-serie-z100-summit","status":"publish","type":"product","link":"https:\/\/summit-hydraulics.com\/es\/product\/power-beyond-adapter-sleeve-for-z100-series-summit-monoblock-valves\/","title":{"rendered":"Manguito adaptador Power Beyond para v\u00e1lvulas monobloque Summit serie Z100"},"content":{"rendered":"<p>Esta opci\u00f3n proporciona una potencia de alta presi\u00f3n m\u00e1s all\u00e1 del puerto para las v\u00e1lvulas monobloque Summit de la serie Z100. Se utiliza si se va a a\u00f1adir una v\u00e1lvula aguas abajo de la v\u00e1lvula actual. La salida de la v\u00e1lvula en la que est\u00e1 instalada la v\u00e1lvula de sobrealimentaci\u00f3n debe estar conectada al dep\u00f3sito.<\/p>\n<p>Se enrosca en el puerto \"N\" de las v\u00e1lvulas monobloque Summit serie Z100<\/p>\n<p>#12 Junta t\u00f3rica SAE (1\u00a0<sup>1<\/sup>\u2044<sub>16<\/sub> - 12) Rosca en los extremos macho y hembra<\/p>\n<p>&nbsp;<\/p>\n<p><a href=\"https:\/\/summit-hydraulics.com\/es\/categoria-de-producto\/valvulas\/valvulas-de-control-hidraulico\/electrovalvula-de-control-direccional-monobloque\/valvulas-de-27-gpm\/\">Haga clic aqu\u00ed para v\u00e1lvulas monobloque Z100<\/a><\/p>","protected":false},"excerpt":{"rendered":"<p>Manguito adaptador Power Beyond para v\u00e1lvulas monobloque Summit serie Z100<\/p>","protected":false},"featured_media":43404,"comment_status":"open","ping_status":"closed","template":"","meta":[],"product_cat":[3743],"product_tag":[],"class_list":{"0":"post-43389","1":"product","2":"type-product","3":"status-publish","4":"has-post-thumbnail","6":"product_cat-straight-fittings","8":"first","9":"instock","10":"taxable","11":"shipping-taxable","12":"purchasable","13":"product-type-simple"},"composite_virtual":false,"composite_layout":"","composite_add_to_cart_form_location":"","composite_editable_in_cart":false,"composite_sold_individually_context":"","composite_shop_price_calc":"","composite_components":[],"composite_scenarios":[],"_links":{"self":[{"href":"https:\/\/summit-hydraulics.com\/es\/wp-json\/wp\/v2\/product\/43389","targetHints":{"allow":["GET"]}}],"collection":[{"href":"https:\/\/summit-hydraulics.com\/es\/wp-json\/wp\/v2\/product"}],"about":[{"href":"https:\/\/summit-hydraulics.com\/es\/wp-json\/wp\/v2\/types\/product"}],"replies":[{"embeddable":true,"href":"https:\/\/summit-hydraulics.com\/es\/wp-json\/wp\/v2\/comments?post=43389"}],"wp:featuredmedia":[{"embeddable":true,"href":"https:\/\/summit-hydraulics.com\/es\/wp-json\/wp\/v2\/media\/43404"}],"wp:attachment":[{"href":"https:\/\/summit-hydraulics.com\/es\/wp-json\/wp\/v2\/media?parent=43389"}],"wp:term":[{"taxonomy":"product_cat","embeddable":true,"href":"https:\/\/summit-hydraulics.com\/es\/wp-json\/wp\/v2\/product_cat?post=43389"},{"taxonomy":"product_tag","embeddable":true,"href":"https:\/\/summit-hydraulics.com\/es\/wp-json\/wp\/v2\/product_tag?post=43389"}],"curies":[{"name":"wp","href":"https:\/\/api.w.org\/{rel}","templated":true}]}}