{"id":3302,"date":"2018-01-31T13:46:46","date_gmt":"2018-01-31T20:46:46","guid":{"rendered":"https:\/\/summit-hydraulics.com\/?post_type=product&#038;p=3302"},"modified":"2026-05-10T19:42:15","modified_gmt":"2026-05-11T02:42:15","slug":"hydraforce-lsv1-6t-n-3-puerto-valvula-sumidero-de-doble-comprobacion-6-puertos-sae-2","status":"publish","type":"product","link":"https:\/\/summit-hydraulics.com\/es\/product\/hydraforce-lsv1-6t-n-3-port-double-check-shuttle-valve-6-sae-ports-2\/","title":{"rendered":"Hydraforce LSV1-6T-N, v\u00e1lvula de lanzadera de retenci\u00f3n doble de 3 puertos, puertos SAE #6"},"content":{"rendered":"<p><\/span><\/span><\/p>\n<p><span style=\"font-weight: 400; color: #000000;\"><strong>Hydraforce<\/strong> LSV1-6T-N<\/span><\/p>\n<p><span style=\"font-weight: 400; color: #000000;\">V\u00e1lvula de lanzadera hidr\u00e1ulica (tipo bola) para uso como selector direccional de carga. La bola flotante controlar\u00e1 hacia el lado de baja presi\u00f3n. <\/span><\/p>\n<p><span style=\"color: #000000;\"><span style=\"font-weight: 400;\">Esto se utiliza com\u00fanmente para dirigir el aceite desde el lado de alta presi\u00f3n de un motor hidr\u00e1ulico bidireccional a un freno hidr\u00e1ulico liberado por presi\u00f3n. <\/span><span style=\"font-weight: 400;\"><br \/>\n<\/span><\/span><\/p>\n<ul>\n<li><span style=\"font-weight: 400; color: #000000;\">Caudal nominal: 7 GPM<\/span><\/li>\n<li><span style=\"color: #000000;\"><span style=\"font-weight: 400;\">Presi\u00f3n m\u00e1xima de funcionamiento <\/span><span style=\"font-weight: 400;\">3500 PSI <\/span><\/span><\/li>\n<li><span style=\"color: #000000;\"><span style=\"font-weight: 400;\">Puertos: <\/span><span style=\"font-weight: 400;\">#6 Junta t\u00f3rica SAE (9\/16\"-18) Rosca<\/span><\/span><\/li>\n<\/ul>\n<p><span style=\"color: #000000;\">Referencia cruzada Part:<\/span><\/p>\n<ul>\n<li><span style=\"color: #000000;\">Skytrak JLG 8902175<\/span><\/li>\n<\/ul>","protected":false},"excerpt":{"rendered":"<p><span style=\"font-weight: 400;\">Hydraforce LSV1-6T-N, v\u00e1lvula de lanzadera de retenci\u00f3n doble de 3 puertos, puertos SAE #6<\/span><\/p>","protected":false},"featured_media":3306,"comment_status":"open","ping_status":"closed","template":"","meta":[],"product_cat":[1496],"product_tag":[2395,2406],"class_list":{"0":"post-3302","1":"product","2":"type-product","3":"status-publish","4":"has-post-thumbnail","6":"product_cat-check-valves","7":"product_tag-6-sae-port","8":"product_tag-3-8-sae","9":"pa_port-size-6-sae","11":"first","12":"instock","13":"taxable","14":"shipping-taxable","15":"purchasable","16":"product-type-simple"},"composite_virtual":false,"composite_layout":"","composite_add_to_cart_form_location":"","composite_editable_in_cart":false,"composite_sold_individually_context":"","composite_shop_price_calc":"","composite_components":[],"composite_scenarios":[],"_links":{"self":[{"href":"https:\/\/summit-hydraulics.com\/es\/wp-json\/wp\/v2\/product\/3302","targetHints":{"allow":["GET"]}}],"collection":[{"href":"https:\/\/summit-hydraulics.com\/es\/wp-json\/wp\/v2\/product"}],"about":[{"href":"https:\/\/summit-hydraulics.com\/es\/wp-json\/wp\/v2\/types\/product"}],"replies":[{"embeddable":true,"href":"https:\/\/summit-hydraulics.com\/es\/wp-json\/wp\/v2\/comments?post=3302"}],"wp:featuredmedia":[{"embeddable":true,"href":"https:\/\/summit-hydraulics.com\/es\/wp-json\/wp\/v2\/media\/3306"}],"wp:attachment":[{"href":"https:\/\/summit-hydraulics.com\/es\/wp-json\/wp\/v2\/media?parent=3302"}],"wp:term":[{"taxonomy":"product_cat","embeddable":true,"href":"https:\/\/summit-hydraulics.com\/es\/wp-json\/wp\/v2\/product_cat?post=3302"},{"taxonomy":"product_tag","embeddable":true,"href":"https:\/\/summit-hydraulics.com\/es\/wp-json\/wp\/v2\/product_tag?post=3302"}],"curies":[{"name":"wp","href":"https:\/\/api.w.org\/{rel}","templated":true}]}}