 {"id":2335,"date":"2017-11-10T14:03:19","date_gmt":"2017-11-10T21:03:19","guid":{"rendered":"https:\/\/summit-hydraulics.com\/?post_type=product&#038;p=2335"},"modified":"2026-04-04T01:48:11","modified_gmt":"2026-04-04T08:48:11","slug":"valvula-selectora-selectora-hidraulica-13-gpm-12v-dc","status":"publish","type":"product","link":"https:\/\/summit-hydraulics.com\/es\/product\/hydraulic-solenoid-selectordiverter-valve-13-gpm-12v-dc\/","title":{"rendered":"V\u00e1lvula solenoide hidr\u00e1ulica selectora\/desviadora, 13 GPM, 12v CC"},"content":{"rendered":"<p><iframe class=\"youtube-video\" title=\"Reproductor de v\u00eddeo YouTube\" src=\"https:\/\/www.youtube.com\/embed\/YQh6BfZbrOo?si=Roj0lVPyZue8DOBG;rel=0&amp;modestbranding=1&amp;iv_load_policy=3&amp;color=white\" frameborder=\"0\" allowfullscreen=\"allowfullscreen\"><span data-mce-type=\"bookmark\" style=\"display: inline-block; width: 0px; overflow: hidden; line-height: 0;\" class=\"mce_SELRES_start\"><\/span><\/iframe><\/p>\n<p><strong>SKU<\/strong>: DV50-08S<\/p>\n<p><strong>Beneficios:<\/strong><\/p>\n<ul>\n<li>Esta v\u00e1lvula accionada por solenoide le permite a\u00f1adir f\u00e1cilmente otro circuito hidr\u00e1ulico a su equipo.<\/li>\n<li>Funciona con cilindros de doble o simple efecto<\/li>\n<li>Puede utilizarse en sistemas hidr\u00e1ulicos abiertos, cerrados o FPC<\/li>\n<li>Las v\u00e1lvulas apilables pueden combinarse para a\u00f1adir hasta 3 funciones adicionales<\/li>\n<li>Los puertos con junta t\u00f3rica SAE #8 garantizan un sellado s\u00f3lido y evitan obstrucciones<\/li>\n<\/ul>\n<p><strong>Caracter\u00edsticas:<\/strong><\/p>\n<ul>\n<li>12v CC<\/li>\n<li><a href=\"https:\/\/summit-hydraulics.com\/es\/producto\/din-43650-solenoide-conector\/\">Conector DIN 43650 (se vende por separado)<\/a><\/li>\n<li>6 puertos con rosca #8 SAE (3\/4\"-16)<\/li>\n<li>Presi\u00f3n m\u00e1xima de funcionamiento: 3625 PSI<\/li>\n<li>Caudal nominal: 13 GPM<\/li>\n<li>Fabricado en Europa<\/li>\n<\/ul>","protected":false},"excerpt":{"rendered":"<p>V\u00e1lvula solenoide hidr\u00e1ulica selectora\/desviadora, 13 GPM, 12v CC<\/p>","protected":false},"featured_media":2780,"comment_status":"open","ping_status":"closed","template":"","meta":[],"product_cat":[2180,1442],"product_tag":[2396,2425,2426,5119,2472,4827,5146],"class_list":{"0":"post-2335","1":"product","2":"type-product","3":"status-publish","4":"has-post-thumbnail","6":"product_cat-stand-alone-diverter-valves","7":"product_cat-hydraulic-diverter-valves","8":"product_tag-8-sae-port","9":"product_tag-12v-dc","10":"product_tag-13-gpm","11":"product_tag-ag","12":"product_tag-solenoid-operated","13":"product_tag-standalone-diverter","14":"product_tag-summit","15":"pa_connection-3-prong-din","16":"pa_port-size-8-sae","18":"first","19":"instock","20":"taxable","21":"shipping-taxable","22":"purchasable","23":"product-type-simple"},"composite_virtual":false,"composite_layout":"","composite_add_to_cart_form_location":"","composite_editable_in_cart":false,"composite_sold_individually_context":"","composite_shop_price_calc":"","composite_components":[],"composite_scenarios":[],"_links":{"self":[{"href":"https:\/\/summit-hydraulics.com\/es\/wp-json\/wp\/v2\/product\/2335","targetHints":{"allow":["GET"]}}],"collection":[{"href":"https:\/\/summit-hydraulics.com\/es\/wp-json\/wp\/v2\/product"}],"about":[{"href":"https:\/\/summit-hydraulics.com\/es\/wp-json\/wp\/v2\/types\/product"}],"replies":[{"embeddable":true,"href":"https:\/\/summit-hydraulics.com\/es\/wp-json\/wp\/v2\/comments?post=2335"}],"wp:featuredmedia":[{"embeddable":true,"href":"https:\/\/summit-hydraulics.com\/es\/wp-json\/wp\/v2\/media\/2780"}],"wp:attachment":[{"href":"https:\/\/summit-hydraulics.com\/es\/wp-json\/wp\/v2\/media?parent=2335"}],"wp:term":[{"taxonomy":"product_cat","embeddable":true,"href":"https:\/\/summit-hydraulics.com\/es\/wp-json\/wp\/v2\/product_cat?post=2335"},{"taxonomy":"product_tag","embeddable":true,"href":"https:\/\/summit-hydraulics.com\/es\/wp-json\/wp\/v2\/product_tag?post=2335"}],"curies":[{"name":"wp","href":"https:\/\/api.w.org\/{rel}","templated":true}]}}