 {"id":196,"date":"2016-10-14T00:09:12","date_gmt":"2016-10-14T07:09:12","guid":{"rendered":"https:\/\/summit-hydraulics.com\/?post_type=product&#038;p=196"},"modified":"2026-04-08T19:25:17","modified_gmt":"2026-04-09T02:25:17","slug":"acoplador-hidraulico-plano-de-conexion-rapida-juego-3-4-roscas-npt","status":"publish","type":"product","link":"https:\/\/summit-hydraulics.com\/es\/product\/flat-face-hydraulic-quick-connect-coupler-set-3-4-npt-thread\/","title":{"rendered":"Juego de acopladores r\u00e1pidos hidr\u00e1ulicos de cara plana, rosca 3\/4\u2033 NPT"},"content":{"rendered":"<p>Juego de acopladores r\u00e1pidos hidr\u00e1ulicos de cara plana, rosca 3\/4\u2033 NPT<\/p>\n<p><strong>SKU:\u00a0<\/strong>FF12-12N-SET<\/p>\n<p><strong>Tama\u00f1o del cuerpo<\/strong><b>:<\/b> Cuerpo de 1\/2\u2033 con rosca NPT de 3\/4<\/p>\n<p><strong>Tama\u00f1o de la rosca<\/strong><b>:<\/b>\u00a0Rosca 3\/4\u2033 NPT<\/p>\n<p>Este juego de acopladores de 1\/2\u2033 se compone de un <a href=\"https:\/\/summit-hydraulics.com\/es\/producto\/acoplador-hidraulico-rapido-macho-de-cara-plana-3-4-rosca-npt\/\" target=\"_blank\" rel=\"noopener\">masculino<\/a>\u00a0y\u00a0<a href=\"https:\/\/summit-hydraulics.com\/es\/producto\/acoplador-hembra-de-conexion-rapida-hidraulica-de-cara-plana-rosca-3-4-npt\/\" target=\"_blank\" rel=\"noopener\">acoplador r\u00e1pido hembra<\/a>.<\/p>\n<div><strong>Caracter\u00edsticas<\/strong><b>:<\/b><\/div>\n<ul>\n<li>Dise\u00f1o resistente con 5076 PSI de presi\u00f3n nominal<\/li>\n<li>El manguito de bloqueo ayuda a evitar desconexiones accidentales<\/li>\n<li>Perfil compacto con gran caudal<\/li>\n<li>Construcci\u00f3n de acero templado con chapado anticorrosivo<\/li>\n<li>Los manguitos est\u00e1n endurecidos para resistir la deformaci\u00f3n y maximizar la vida \u00fatil del enganche<\/li>\n<li>Dise\u00f1o de la v\u00e1lvula que permite unas ca\u00eddas de presi\u00f3n m\u00ednimas y un manejo con una sola mano<\/li>\n<li>Las juntas est\u00e1n clasificadas para temperaturas de funcionamiento de hasta 250 \u00b0F<\/li>\n<\/ul>\n<div><b>Intercambiable con:<\/b><\/div>\n<div><\/div>\n<div>\n<table width=\"589\">\n<tbody>\n<tr>\n<td width=\"203\">Fabricante<\/td>\n<td width=\"191\">Hombre<\/td>\n<td width=\"195\">Mujer<\/td>\n<\/tr>\n<tr>\n<td>CUMBRE<\/td>\n<td>FF12M-12N<\/td>\n<td>FF12F-12N<\/td>\n<\/tr>\n<tr>\n<td>Serie Parker FE<\/td>\n<td>FEM-502-12FP<\/td>\n<td>FEM-501-12FP<\/td>\n<\/tr>\n<tr>\n<td>Safeway Serie FFE49<\/td>\n<td>FFE491-6<\/td>\n<td>FFE495-6<\/td>\n<\/tr>\n<tr>\n<td>Serie FFH m\u00e1s r\u00e1pida<\/td>\n<td>FFH08 34NPT M<\/td>\n<td>FFH08 34NPT F<\/td>\n<\/tr>\n<tr>\n<td>Eaton Aeroquip FD89<\/td>\n<td>FD89-1002-12-08<\/td>\n<td>FD89-1001-12-08<\/td>\n<\/tr>\n<tr>\n<td>Snap Tite Serie 74<\/td>\n<td>74N8-12F<\/td>\n<td>74C8-12F<\/td>\n<\/tr>\n<tr>\n<td>Serie FIRG de Stucchi<\/td>\n<td>800801009<\/td>\n<td>800801008<\/td>\n<\/tr>\n<tr>\n<td>Dixon Serie HT<\/td>\n<td>HT4F6<\/td>\n<td>4HTF6<\/td>\n<\/tr>\n<tr>\n<td>Serie DNP PLT4<\/td>\n<td>FF-HPG-08-12N-NPT<\/td>\n<td>FF-HPG-08-12C-NPT<\/td>\n<\/tr>\n<tr>\n<td>Tomco Serie FE<\/td>\n<td>EP4-31<\/td>\n<td>EC4-31<\/td>\n<\/tr>\n<\/tbody>\n<\/table>\n<p>&nbsp;<\/p>\n<p>Busca un acoplador hidr\u00e1ulico de desconexi\u00f3n r\u00e1pida diferente? Mire nuestra selecci\u00f3n de acopladores de cara plana con cuerpo de 1\/2\u2033. <a href=\"https:\/\/summit-hydraulics.com\/es\/categoria-de-producto\/acopladores-de-desconexion-rapida\/acoplamientos-rapidos-hidraulicos-iso-16028-de-cara-plana\/hidraulico-1-2-cuerpo-cara-plana-enchufe-rapido\/juegos-de-acopladores-rapidos-hidraulicos-de-1-y-2-cuerpos-de-cara-plana\/\">aqu\u00ed<\/a>\u00a1! Si no necesita el montaje completo, tambi\u00e9n puede encontrar el <a href=\"https:\/\/summit-hydraulics.com\/es\/producto\/acoplador-hidraulico-rapido-macho-de-cara-plana-3-4-rosca-npt\/\">acoplador macho<\/a> y <a href=\"https:\/\/summit-hydraulics.com\/es\/producto\/acoplador-hembra-de-conexion-rapida-hidraulica-de-cara-plana-rosca-3-4-npt\/\">acoplador hembra<\/a>. Todas las variantes est\u00e1n disponibles aqu\u00ed a trav\u00e9s de Summit Hydraulics.<\/p>\n<\/div>","protected":false},"excerpt":{"rendered":"<p>Juego de acopladores r\u00e1pidos hidr\u00e1ulicos de cara plana, rosca 3\/4\u2033 NPT<\/p>","protected":false},"featured_media":1177,"comment_status":"open","ping_status":"closed","template":"","meta":[],"product_cat":[9,1449,1947],"product_tag":[2453,2394,2407,2414,2449],"class_list":{"0":"post-196","1":"product","2":"type-product","3":"status-publish","4":"has-post-thumbnail","6":"product_cat-hydraulic-flat-face-iso-16028-quick-couplers","7":"product_cat-hydraulic-1-2-body-flat-face-quick-connect-coupler","8":"product_cat-hydraulic-1-2-body-flat-face-quick-connect-coupler-sets","9":"product_tag-flat-face-coupler","10":"product_tag-12-sae-port","11":"product_tag-1-2-body","12":"product_tag-3-4-npt","13":"product_tag-coupler-set","14":"pa_coupling-set","15":"pa_iso-standard-26","16":"pa_thread-type-npt","18":"first","19":"instock","20":"taxable","21":"shipping-taxable","22":"purchasable","23":"product-type-simple"},"composite_virtual":false,"composite_layout":"","composite_add_to_cart_form_location":"","composite_editable_in_cart":false,"composite_sold_individually_context":"","composite_shop_price_calc":"","composite_components":[],"composite_scenarios":[],"_links":{"self":[{"href":"https:\/\/summit-hydraulics.com\/es\/wp-json\/wp\/v2\/product\/196","targetHints":{"allow":["GET"]}}],"collection":[{"href":"https:\/\/summit-hydraulics.com\/es\/wp-json\/wp\/v2\/product"}],"about":[{"href":"https:\/\/summit-hydraulics.com\/es\/wp-json\/wp\/v2\/types\/product"}],"replies":[{"embeddable":true,"href":"https:\/\/summit-hydraulics.com\/es\/wp-json\/wp\/v2\/comments?post=196"}],"wp:featuredmedia":[{"embeddable":true,"href":"https:\/\/summit-hydraulics.com\/es\/wp-json\/wp\/v2\/media\/1177"}],"wp:attachment":[{"href":"https:\/\/summit-hydraulics.com\/es\/wp-json\/wp\/v2\/media?parent=196"}],"wp:term":[{"taxonomy":"product_cat","embeddable":true,"href":"https:\/\/summit-hydraulics.com\/es\/wp-json\/wp\/v2\/product_cat?post=196"},{"taxonomy":"product_tag","embeddable":true,"href":"https:\/\/summit-hydraulics.com\/es\/wp-json\/wp\/v2\/product_tag?post=196"}],"curies":[{"name":"wp","href":"https:\/\/api.w.org\/{rel}","templated":true}]}}