 {"id":173333,"date":"2025-06-30T15:08:18","date_gmt":"2025-06-30T22:08:18","guid":{"rendered":"https:\/\/summit-hydraulics.com\/?post_type=product&#038;p=173333"},"modified":"2026-02-24T21:30:57","modified_gmt":"2026-02-25T04:30:57","slug":"powerx-bomba-hidraulica-portatil-manual-de-alta-presion-15k-psi-accion-simple-46-in%c2%b3-de-aceite-utilizable-dos-velocidades-deposito-de-aluminio","status":"publish","type":"product","link":"https:\/\/summit-hydraulics.com\/es\/product\/powerx-portable-hydraulic-high-pressure-hand-pump-15k-psi-single-action-46-in%c2%b3-usable-oil-two-speed-aluminum-reservoir\/","title":{"rendered":"Bomba Manual Hidr\u00e1ulica Port\u00e1til de Alta Presi\u00f3n 15k PSI Acci\u00f3n Simple 46 in\u00b3 Aceite Utilizable Dos Velocidades Dep\u00f3sito de Aluminio"},"content":{"rendered":"<p><iframe loading=\"lazy\" title=\"C\u00f3mo utilizar los cilindros PowerX de cuerpo plano con una bomba hidr\u00e1ulica manual\" width=\"1020\" height=\"574\" src=\"https:\/\/www.youtube.com\/embed\/iYD5GPHCGcU?feature=oembed\" frameborder=\"0\" allow=\"accelerometer; autoplay; clipboard-write; encrypted-media; gyroscope; picture-in-picture; web-share\" referrerpolicy=\"strict-origin-when-cross-origin\" allowfullscreen><\/iframe><\/p>\n<h2>Bomba Manual Hidr\u00e1ulica Port\u00e1til de Alta Presi\u00f3n 15k PSI Acci\u00f3n Simple 46 in\u00b3 Aceite Utilizable Dos Velocidades Dep\u00f3sito de Aluminio<\/h2>\n<p>La bomba hidr\u00e1ulica manual de alta presi\u00f3n PowerX 15K PSI (46 pulg\u00b3 de capacidad de aceite utilizable) est\u00e1 fabricada en aleaci\u00f3n de aluminio de alta resistencia y disponible en un modelo de dos velocidades para un funcionamiento m\u00e1s r\u00e1pido. Perfecta para entornos remotos o con energ\u00eda limitada, proporciona una fuerza hidr\u00e1ulica controlada sin electricidad. Ligero y port\u00e1til, es f\u00e1cil de transportar y montar, con una v\u00e1lvula de alivio de presi\u00f3n integrada para evitar sobrecargas. Compatible con una gran variedad de cilindros, esta bomba es ideal para levantar, empujar y presionar en la construcci\u00f3n, el mantenimiento industrial y la reparaci\u00f3n de equipos pesados.<\/p>\n<h3 data-start=\"524\" data-end=\"646\">Caracter\u00edsticas principales:<\/h3>\n<ul>\n<li>Funcionamiento manual, sin electricidad<\/li>\n<li>Cuerpo ligero de aleaci\u00f3n de aluminio para facilitar el transporte y la instalaci\u00f3n<\/li>\n<li>Dise\u00f1o de dos velocidades para un rendimiento eficiente<\/li>\n<li>V\u00e1lvulas limitadoras de presi\u00f3n integradas para protecci\u00f3n contra sobrecargas<\/li>\n<li>Proporciona una potencia hidr\u00e1ulica fiable para la construcci\u00f3n, el mantenimiento industrial y la reparaci\u00f3n de maquinaria pesada<\/li>\n<\/ul>\n<p><strong><a href=\"https:\/\/summit-hydraulics.com\/wp-content\/uploads\/2025\/06\/Hand-Pumps.pdf\" target=\"_blank\" rel=\"noopener noreferrer\">Descargar p\u00e1gina de cat\u00e1logo<\/a><\/strong><\/p>\n<h3>Referencias cruzadas<\/h3>\n<table style=\"width: 80%;\" border=\"0\">\n<tbody>\n<tr>\n<th><span style=\"font-size: 14.4px; font-weight: 400;\">Fabricante<\/span><\/th>\n<th><span style=\"font-size: 14.4px; font-weight: 400;\">N\u00famero de pieza<\/span><\/th>\n<\/tr>\n<tr>\n<td><span style=\"font-size: 14.4px;\">P61L-15K<\/span><\/td>\n<\/tr>\n<tr>\n<td><span style=\"font-size: 14.4px;\">BVA<\/span><\/td>\n<td><span style=\"font-size: 14.4px;\">\u2013<\/span><\/td>\n<\/tr>\n<tr>\n<td><span style=\"font-size: 14.4px;\">Ram-Pac<\/span><\/td>\n<td><span style=\"font-size: 14.4px;\">\u2013<\/span><\/td>\n<\/tr>\n<tr>\n<td><span style=\"font-size: 14.4px;\">Simplex<\/span><\/td>\n<td><span style=\"font-size: 14.4px;\">\u2013<\/span><\/td>\n<\/tr>\n<tr>\n<td><span style=\"font-size: 14.4px;\">Equipo Power<\/span><\/td>\n<td><span style=\"font-size: 14.4px;\">\u2013<\/span><\/td>\n<\/tr>\n<tr>\n<td><span style=\"font-size: 14.4px;\">Enerpac<\/span><\/td>\n<td><span style=\"font-size: 14.4px;\">\u2013<\/span><\/td>\n<\/tr>\n<\/tbody>\n<\/table>","protected":false},"excerpt":{"rendered":"<p>Bomba Hidr\u00e1ulica Port\u00e1til de Alta Presi\u00f3n 15k PSI Acci\u00f3n Simple 46 in\u00b3 Aceite Utilizable Dos Velocidades Dep\u00f3sito de Aluminio<\/p>","protected":false},"featured_media":173449,"comment_status":"open","ping_status":"closed","template":"","meta":[],"product_cat":[5221],"product_tag":[],"class_list":{"0":"post-173333","1":"product","2":"type-product","3":"status-publish","4":"has-post-thumbnail","6":"product_cat-hydraulic-pumps","8":"first","9":"instock","10":"taxable","11":"shipping-taxable","12":"purchasable","13":"product-type-simple"},"composite_virtual":false,"composite_layout":"","composite_add_to_cart_form_location":"","composite_editable_in_cart":false,"composite_sold_individually_context":"","composite_shop_price_calc":"","composite_components":[],"composite_scenarios":[],"_links":{"self":[{"href":"https:\/\/summit-hydraulics.com\/es\/wp-json\/wp\/v2\/product\/173333","targetHints":{"allow":["GET"]}}],"collection":[{"href":"https:\/\/summit-hydraulics.com\/es\/wp-json\/wp\/v2\/product"}],"about":[{"href":"https:\/\/summit-hydraulics.com\/es\/wp-json\/wp\/v2\/types\/product"}],"replies":[{"embeddable":true,"href":"https:\/\/summit-hydraulics.com\/es\/wp-json\/wp\/v2\/comments?post=173333"}],"wp:featuredmedia":[{"embeddable":true,"href":"https:\/\/summit-hydraulics.com\/es\/wp-json\/wp\/v2\/media\/173449"}],"wp:attachment":[{"href":"https:\/\/summit-hydraulics.com\/es\/wp-json\/wp\/v2\/media?parent=173333"}],"wp:term":[{"taxonomy":"product_cat","embeddable":true,"href":"https:\/\/summit-hydraulics.com\/es\/wp-json\/wp\/v2\/product_cat?post=173333"},{"taxonomy":"product_tag","embeddable":true,"href":"https:\/\/summit-hydraulics.com\/es\/wp-json\/wp\/v2\/product_tag?post=173333"}],"curies":[{"name":"wp","href":"https:\/\/api.w.org\/{rel}","templated":true}]}}