 {"id":14803,"date":"2019-10-14T14:53:00","date_gmt":"2019-10-14T21:53:00","guid":{"rendered":"https:\/\/summit-hydraulics.com\/?post_type=product&#038;p=14803"},"modified":"2026-04-01T13:51:42","modified_gmt":"2026-04-01T20:51:42","slug":"acoplador-macho-hidraulico-de-conexion-rapida-de-cara-plana-m22-hilo-hembra","status":"publish","type":"product","link":"https:\/\/summit-hydraulics.com\/es\/product\/flat-face-hydraulic-quick-connect-male-coupler-m22-female-thread\/","title":{"rendered":"Acoplador hidr\u00e1ulico r\u00e1pido macho de cara plana, rosca hembra M22"},"content":{"rendered":"<p><strong>ISO Tama\u00f1o del cuerpo:<\/strong>\u00a01\/2\"<\/p>\n<p><strong>Hilo del puerto:<\/strong> Rosca hembra M22<\/p>\n<p>Este acoplador de 1\/2\u2033 se conecta a su <a href=\"https:\/\/summit-hydraulics.com\/es\/producto\/acoplador-hidraulico-plano-de-conexion-rapida-hembra-m22-hilo-hembra\/\" target=\"_blank\" rel=\"noopener\">equivalente femenino<\/a>. Tambi\u00e9n disponemos de\u00a0<a href=\"https:\/\/summit-hydraulics.com\/es\/producto\/acoplador-hidraulico-de-conexion-rapida-de-cara-plana-juego-m22-rosca-hembra\/\" target=\"_blank\" rel=\"noopener\">juego completo<\/a>que incluye un acoplador macho y otro hembra.<\/p>\n<p><strong style=\"font-size: 14.4px;\">Beneficios:<\/strong><\/p>\n<ul>\n<li>El dise\u00f1o de la v\u00e1lvula de cara rasante minimiza la p\u00e9rdida de fluido y la inclusi\u00f3n de aire<\/li>\n<li>El recubrimiento de zinc-n\u00edquel proporciona una resistencia superior a la corrosi\u00f3n<\/li>\n<li>Construcci\u00f3n de acero endurecido<\/li>\n<li>Permite ca\u00eddas de presi\u00f3n m\u00ednimas<\/li>\n<li>Dise\u00f1o f\u00e1cil de conectar con una sola mano<\/li>\n<li>La junta de la boquilla resiste los reventones<\/li>\n<li>Intercambiable con otros acoplamientos normalizados ISO 16028<\/li>\n<\/ul>\n<p><strong>Caracter\u00edsticas:<\/strong><\/p>\n<ul>\n<li>Presi\u00f3n nominal de 5.076 PSI<\/li>\n<li>23,78 GPM Caudal m\u00e1ximo<\/li>\n<li>Caudal nominal de 12 GPM<\/li>\n<li>Las juntas de Buna-N con anillo de refuerzo de tefl\u00f3n pueden funcionar hasta 250\u00b0 F<\/li>\n<li>Di\u00e1metro de la cara: 0,94\u2033 (24,5 mm)<\/li>\n<li>Longitud: 2,87\" (73 mm)<\/li>\n<li>Hex: 1,41\" (35 mm)<\/li>\n<\/ul>","protected":false},"excerpt":{"rendered":"<p>Acoplador hidr\u00e1ulico r\u00e1pido macho de cara plana, rosca hembra M22<\/p>","protected":false},"featured_media":9040,"comment_status":"open","ping_status":"closed","template":"","meta":[],"product_cat":[9,1449,1948,359],"product_tag":[],"class_list":{"0":"post-14803","1":"product","2":"type-product","3":"status-publish","4":"has-post-thumbnail","6":"product_cat-hydraulic-flat-face-iso-16028-quick-couplers","7":"product_cat-hydraulic-1-2-body-flat-face-quick-connect-coupler","8":"product_cat-hydraulic-1-2-body-flat-face-quick-connect-male-couplers","9":"product_cat-quick-disconnect-couplers","10":"pa_thread-type-m22","12":"first","13":"instock","14":"taxable","15":"shipping-taxable","16":"purchasable","17":"product-type-simple"},"composite_virtual":false,"composite_layout":"","composite_add_to_cart_form_location":"","composite_editable_in_cart":false,"composite_sold_individually_context":"","composite_shop_price_calc":"","composite_components":[],"composite_scenarios":[],"_links":{"self":[{"href":"https:\/\/summit-hydraulics.com\/es\/wp-json\/wp\/v2\/product\/14803","targetHints":{"allow":["GET"]}}],"collection":[{"href":"https:\/\/summit-hydraulics.com\/es\/wp-json\/wp\/v2\/product"}],"about":[{"href":"https:\/\/summit-hydraulics.com\/es\/wp-json\/wp\/v2\/types\/product"}],"replies":[{"embeddable":true,"href":"https:\/\/summit-hydraulics.com\/es\/wp-json\/wp\/v2\/comments?post=14803"}],"wp:featuredmedia":[{"embeddable":true,"href":"https:\/\/summit-hydraulics.com\/es\/wp-json\/wp\/v2\/media\/9040"}],"wp:attachment":[{"href":"https:\/\/summit-hydraulics.com\/es\/wp-json\/wp\/v2\/media?parent=14803"}],"wp:term":[{"taxonomy":"product_cat","embeddable":true,"href":"https:\/\/summit-hydraulics.com\/es\/wp-json\/wp\/v2\/product_cat?post=14803"},{"taxonomy":"product_tag","embeddable":true,"href":"https:\/\/summit-hydraulics.com\/es\/wp-json\/wp\/v2\/product_tag?post=14803"}],"curies":[{"name":"wp","href":"https:\/\/api.w.org\/{rel}","templated":true}]}}