{"id":145951,"date":"2025-01-13T13:38:50","date_gmt":"2025-01-13T20:38:50","guid":{"rendered":"https:\/\/summit-hydraulics.com\/?post_type=product&#038;p=145951"},"modified":"2026-05-12T22:40:10","modified_gmt":"2026-05-13T05:40:10","slug":"gemels-3-8-npt-iso-5675-enchufe-rapido-hidraulico-hembra","status":"publish","type":"product","link":"https:\/\/summit-hydraulics.com\/es\/product\/gemels-3-8-npt-iso-5675-quick-disconnect-hydraulic-female-coupler\/","title":{"rendered":"Acoplador hidr\u00e1ulico hembra de desconexi\u00f3n r\u00e1pida Gemels\u00ae 3\/8\u2033 NPT ISO 5675"},"content":{"rendered":"<p style=\"text-align: center;\"><strong>Visor 3D interactivo:<\/strong><\/p>\n\n        <div class=\"modelViewerBlock\" data-attributes='{&quot;align&quot;:&quot;center&quot;,&quot;uniqueId&quot;:&quot;model156557&quot;,&quot;currentViewer&quot;:&quot;O3DViewer&quot;,&quot;multiple&quot;:false,&quot;model&quot;:{&quot;modelUrl&quot;:&quot;https:\\\/\\\/summit-hydraulics.com\\\/wp-content\\\/uploads\\\/2025\\\/01\\\/AG38F-06N-GEM.stl&quot;,&quot;poster&quot;:&quot;&quot;},&quot;O3DVSettings&quot;:{&quot;isFullscreen&quot;:true,&quot;isPagination&quot;:false,&quot;isNavigation&quot;:true,&quot;camera&quot;:null,&quot;mouseControl&quot;:true},&quot;models&quot;:[],&quot;lazyLoad&quot;:false,&quot;loading&quot;:&quot;auto&quot;,&quot;autoplay&quot;:false,&quot;shadow&quot;:true,&quot;autoRotate&quot;:false,&quot;zoom&quot;:true,&quot;isPagination&quot;:false,&quot;isNavigation&quot;:true,&quot;preload&quot;:&quot;auto&quot;,&quot;rotationPerSecond&quot;:&quot;30&quot;,&quot;mouseControl&quot;:true,&quot;fullscreen&quot;:true,&quot;variant&quot;:false,&quot;loadingPercentage&quot;:false,&quot;progressBar&quot;:true,&quot;rotate&quot;:false,&quot;rotateAlongX&quot;:&quot;0&quot;,&quot;rotateAlongY&quot;:&quot;75&quot;,&quot;exposure&quot;:&quot;1&quot;,&quot;styles&quot;:{&quot;width&quot;:&quot;100%&quot;,&quot;height&quot;:&quot;320px&quot;,&quot;bgColor&quot;:&quot;#0067a2&quot;,&quot;progressBarColor&quot;:&quot;&quot;},&quot;stylesheet&quot;:null,&quot;additional&quot;:{&quot;ID&quot;:&quot;&quot;,&quot;Class&quot;:&quot;&quot;,&quot;CSS&quot;:&quot;&quot;},&quot;animation&quot;:false,&quot;woo&quot;:false,&quot;selectedAnimation&quot;:&quot;&quot;}'><\/div>\n\n        \n<strong>SKU<\/strong>: AG38F-06N-GEM<\/p>\n<p><strong>Gemels\u00ae SKU<\/strong>: NC10N020000<\/p>\n<p>Esta serie de acopladores son los acopladores de conexi\u00f3n r\u00e1pida m\u00e1s utilizados en los sectores de la agricultura, la construcci\u00f3n y la explotaci\u00f3n forestal.  Son intercambiables con todas las series ISO 5675, incluida la v\u00e1lvula de asiento esf\u00e9rico, la junta de asiento y los acoplamientos push-pull.<\/p>\n<p><strong>Tama\u00f1o del cuerpo ISO<\/strong>: 3\/8\"<\/p>\n<p><strong>Hilo del puerto<\/strong>: 3\/8\" NPT<\/p>\n<p>Este acoplador hembra de 3\/8 se conecta a su <a href=\"https:\/\/summit-hydraulics.com\/es\/producto\/gemelos-iso-5675-valvula-macho-3-8-3-8-npt-acero-al-carbono-5075-psi\/\">equivalente masculino<\/a>. Tambi\u00e9n disponemos de\u00a0<a href=\"https:\/\/summit-hydraulics.com\/es\/producto\/gemels-iso-5675-conjunto-de-valvulas-3-8-3-8-npt-acero-al-carbono-5075-psi\/\">juego completo<\/a>que incluye un acoplador macho y otro hembra.<\/p>\n<p><strong>Caracter\u00edsticas<\/strong>:<\/p>\n<ul>\n<li>Presi\u00f3n nominal de 5.075 PSI<\/li>\n<li>Caudal m\u00e1ximo de 8 GPM<\/li>\n<li>Tapones de acero endurecido<\/li>\n<li>Juntas de Buna-N con anillo de refuerzo de tefl\u00f3n<\/li>\n<li>V\u00e1lvula de asiento<\/li>\n<li>Hembra Longitud: 2.38<\/li>\n<li>Hex: 0.94\"<\/li>\n<\/ul>\n<h4><span style=\"font-size: 100%;\"><strong><a href=\"https:\/\/summit-hydraulics.com\/wp-content\/uploads\/2025\/01\/NC10G020000.stp\" download=\"\">Descargar archivo STP<\/a><\/strong><\/span><\/h4>\n<p><strong>Intercambiable con<\/strong>:<\/p>\n<table style=\"height: 189px; width: 391px;\" width=\"654\">\n<tbody>\n<tr style=\"height: 21px;\">\n<td style=\"height: 21px; width: 179px;\">Fabricante<\/td>\n<td style=\"height: 21px; width: 196px;\">Mujer<\/td>\n<\/tr>\n<tr style=\"height: 21px;\">\n<td style=\"height: 21px; width: 179px;\">CUMBRE<\/td>\n<td style=\"height: 21px; width: 196px;\">AG38F-06N<\/td>\n<\/tr>\n<tr style=\"height: 21px;\">\n<td style=\"height: 21px; width: 179px;\">Parker Serie 4000<\/td>\n<td style=\"height: 21px; width: 196px;\">4050-3P<\/td>\n<\/tr>\n<tr style=\"height: 21px;\">\n<td style=\"height: 21px; width: 179px;\">Safeway Serie S20<\/td>\n<td style=\"height: 21px; width: 196px;\">S25-3P<\/td>\n<\/tr>\n<tr style=\"height: 21px;\">\n<td style=\"height: 21px; width: 179px;\">Serie NV\/NS m\u00e1s r\u00e1pida<\/td>\n<td style=\"height: 21px; width: 196px;\">NV 38 NPT F<\/td>\n<\/tr>\n<tr style=\"height: 21px;\">\n<td style=\"height: 21px; width: 179px;\">Snap-Tite 60\/ 21<\/td>\n<td style=\"height: 21px; width: 196px;\">60C6-6F<\/td>\n<\/tr>\n<tr style=\"height: 42px;\">\n<td style=\"height: 42px; width: 179px;\">Serie Stucchi IRV<\/td>\n<td style=\"height: 42px; width: 196px;\">800101002<br \/>\nF IR38V NPT<\/td>\n<\/tr>\n<tr style=\"height: 21px;\">\n<td style=\"height: 21px; width: 179px;\">Dixon Serie AG<\/td>\n<td style=\"height: 21px; width: 196px;\">3AGF3-PV<\/td>\n<\/tr>\n<\/tbody>\n<\/table>\n<p><strong>Incluye<\/strong>:<\/p>\n<ul>\n<li>1 - Acoplador hembra<\/li>\n<\/ul>\n<figure id=\"attachment_9670\" class=\"wp-caption alignnone\" aria-describedby=\"caption-attachment-9670\"><\/figure>","protected":false},"excerpt":{"rendered":"<p>Acoplador hidr\u00e1ulico hembra de desconexi\u00f3n r\u00e1pida Gemels\u00ae 3\/8\u2033 NPT ISO 5675<\/p>","protected":false},"featured_media":156226,"comment_status":"open","ping_status":"closed","template":"","meta":[],"product_cat":[1720,8],"product_tag":[],"class_list":{"0":"post-145951","1":"product","2":"type-product","3":"status-publish","4":"has-post-thumbnail","6":"product_cat-3-8-agricultural-iso-5675-quick-couplers","7":"product_cat-hydraulic-agricultural-iso-5675-quick-couplers","8":"pa_thread-type-npt","10":"first","11":"instock","12":"taxable","13":"shipping-taxable","14":"purchasable","15":"product-type-simple"},"composite_virtual":false,"composite_layout":"","composite_add_to_cart_form_location":"","composite_editable_in_cart":false,"composite_sold_individually_context":"","composite_shop_price_calc":"","composite_components":[],"composite_scenarios":[],"_links":{"self":[{"href":"https:\/\/summit-hydraulics.com\/es\/wp-json\/wp\/v2\/product\/145951","targetHints":{"allow":["GET"]}}],"collection":[{"href":"https:\/\/summit-hydraulics.com\/es\/wp-json\/wp\/v2\/product"}],"about":[{"href":"https:\/\/summit-hydraulics.com\/es\/wp-json\/wp\/v2\/types\/product"}],"replies":[{"embeddable":true,"href":"https:\/\/summit-hydraulics.com\/es\/wp-json\/wp\/v2\/comments?post=145951"}],"wp:featuredmedia":[{"embeddable":true,"href":"https:\/\/summit-hydraulics.com\/es\/wp-json\/wp\/v2\/media\/156226"}],"wp:attachment":[{"href":"https:\/\/summit-hydraulics.com\/es\/wp-json\/wp\/v2\/media?parent=145951"}],"wp:term":[{"taxonomy":"product_cat","embeddable":true,"href":"https:\/\/summit-hydraulics.com\/es\/wp-json\/wp\/v2\/product_cat?post=145951"},{"taxonomy":"product_tag","embeddable":true,"href":"https:\/\/summit-hydraulics.com\/es\/wp-json\/wp\/v2\/product_tag?post=145951"}],"curies":[{"name":"wp","href":"https:\/\/api.w.org\/{rel}","templated":true}]}}