 {"id":14053,"date":"2019-09-18T16:13:51","date_gmt":"2019-09-18T23:13:51","guid":{"rendered":"https:\/\/summit-hydraulics.com\/?post_type=product&#038;p=14053"},"modified":"2026-04-05T07:05:24","modified_gmt":"2026-04-05T14:05:24","slug":"electro-hidraulico-de-doble-accion-direccional-valvula-de-control-2-piscina-15-gpm","status":"publish","type":"product","link":"https:\/\/summit-hydraulics.com\/es\/product\/electric-hydraulic-double-acting-directional-control-valve-2-spool-15-gpm\/","title":{"rendered":"V\u00e1lvula de control direccional electrohidr\u00e1ulica de doble efecto, 2 carretes, 15 GPM"},"content":{"rendered":"<p>V\u00e1lvula de control direccional electrohidr\u00e1ulica de doble efecto, 2 carretes, 15 GPM<\/p>\n<h4><span style=\"font-weight: 400;\">Esta v\u00e1lvula de control hidr\u00e1ulico de doble efecto controla el flujo de fluido hidr\u00e1ulico de entrada\/salida de un cilindro hidr\u00e1ulico o motor (dependiendo del tipo de carrete). Estas v\u00e1lvulas a\u00f1aden funciones hidr\u00e1ulicas auxiliares adicionales o sustituyen a una v\u00e1lvula de control hidr\u00e1ulico actual. Funciona como una configuraci\u00f3n de dos estaciones, de centro abierto y en serie. <\/span><span style=\"font-weight: 400;\"><br \/>\n<\/span><span style=\"font-weight: 400;\"><br \/>\n<\/span><b>Tres opciones de carrete disponibles:<\/b><\/h4>\n<p><span style=\"font-weight: 400;\">Un carrete (controla cilindros de doble efecto)<\/span><\/p>\n<ul>\n<li style=\"font-weight: 400;\"><span style=\"font-weight: 400;\">Todos los carretes son de doble efecto con retorno por muelle a la posici\u00f3n neutra, Un carrete controla cilindros de doble efecto<\/span><\/li>\n<li style=\"font-weight: 400;\"><span style=\"font-weight: 400;\">Los puertos A y B est\u00e1n cerrados al dep\u00f3sito en posici\u00f3n neutra<\/span><\/li>\n<\/ul>\n<p>Carrete C (centro cerrado)<\/p>\n<ul>\n<li>Los puertos A y B est\u00e1n cerrados en posici\u00f3n neutra y dise\u00f1ados para cilindros de doble efecto.<\/li>\n<li>El puerto T est\u00e1 cerrado al tanque en la posici\u00f3n neutral, y est\u00e1 dise\u00f1ado para su uso en sistemas hidr\u00e1ulicos de centro cerrado. Esta v\u00e1lvula no dispone de opciones de detecci\u00f3n de carga.<\/li>\n<\/ul>\n<p><span style=\"font-weight: 400;\">D Carrete (Control del motor)<\/span><\/p>\n<ul>\n<li style=\"font-weight: 400;\"><span style=\"font-weight: 400;\">Todos los carretes son de doble efecto con retorno por muelle a la posici\u00f3n neutra, el carrete D est\u00e1 dise\u00f1ado para aplicaciones sin carga como motores y cilindros horizontales.<\/span><\/li>\n<li style=\"font-weight: 400;\"><span style=\"font-weight: 400;\">Los puertos A y B est\u00e1n abiertos al dep\u00f3sito en posici\u00f3n neutra<\/span><\/li>\n<li>Destinado a sistemas de centro cerrado<\/li>\n<\/ul>\n<p>Carrete H (centro abierto)<\/p>\n<ul>\n<li>Todos los carretes son de doble efecto con retorno por muelle a posici\u00f3n neutra<\/li>\n<li>Los cuatro puertos est\u00e1n abiertos en posici\u00f3n neutra<\/li>\n<li>Destinado a sistemas Open Center<\/li>\n<\/ul>\n<h4><strong>Cuerpo de v\u00e1lvula Caracter\u00edsticas:\u00a0<\/strong><\/h4>\n<ul>\n<li style=\"font-weight: 400;\"><span style=\"font-weight: 400;\">S\u00f3lida carcasa de aluminio dise\u00f1ada para un uso resistente<\/span><\/li>\n<li style=\"font-weight: 400;\"><span style=\"font-weight: 400;\">Presi\u00f3n m\u00e1xima de funcionamiento: P = 5080 PSI, T = 3050 PSI, A &amp; B = 5080 PSI<\/span><\/li>\n<li style=\"font-weight: 400;\"><span style=\"font-weight: 400;\">Caudal nominal: 15 GPM <\/span><\/li>\n<li style=\"font-weight: 400;\">Cuerpo de aluminio<\/li>\n<li style=\"font-weight: 400;\"><span style=\"font-weight: 400;\">3000 PSI nominal<\/span><\/li>\n<li><span style=\"font-weight: 400;\">Tama\u00f1os de los puertos:\u00a0<\/span>\n<ul>\n<li>Puertos de trabajo: Rosca hembra #8 SAE (3\/4 - 16 ORB)<\/li>\n<li>Conexiones de presi\u00f3n y retorno: Rosca #10 SAE (7\/8- 14 ORB)<\/li>\n<\/ul>\n<\/li>\n<\/ul>\n<h4><strong>Caracter\u00edsticas del interruptor:\u00a0<\/strong><\/h4>\n<ul>\n<li>Caja de interruptores con dos interruptores basculantes moment\u00e1neos que saltan autom\u00e1ticamente a la posici\u00f3n neutra<\/li>\n<li>1 Caja de interruptores con tres interruptores basculantes moment\u00e1neos y arn\u00e9s de 5\u2032.<\/li>\n<li>El arn\u00e9s de v\u00e1lvulas utiliza conexiones DIN para una gran funcionalidad<\/li>\n<li>1 Mazo de v\u00e1lvulas de 36\u2033 con conectores DIN<\/li>\n<li>Opcional\u00a0<a href=\"https:\/\/summit-hydraulics.com\/es\/producto\/conjunto-arnes-1-hembra-dt-6-pin-x-macho-dt-6-pin-conector-10\/\">Arn\u00e9s de extensi\u00f3n de 10\u2032 y 20\u2032 disponible<\/a><\/li>\n<\/ul>\n<h4><strong>Especificaciones del solenoide:<\/strong><\/h4>\n<ul>\n<li>Tolerancia de tensi\u00f3n nominal +\/- 10%<\/li>\n<li>Potencia nominal: 37 vatios<\/li>\n<li>Amperios: 3,08<\/li>\n<li>100% Ciclo de trabajo<\/li>\n<\/ul>\n<p><img loading=\"lazy\" decoding=\"async\" class=\"size-medium wp-image-37372\" src=\"https:\/\/summit-hydraulics.com\/wp-content\/uploads\/2020\/05\/3rd-function-valve-Configuration-without-backhoe2-800x699.jpg\" alt=\"V\u00e1lvula de control direccional de solenoide hidr\u00e1ulico, doble efecto, 4 carretes, 27 GPM, 12v\" width=\"800\" height=\"699\" \/><\/p>\n<p><img loading=\"lazy\" decoding=\"async\" class=\"size-medium wp-image-37371\" src=\"https:\/\/summit-hydraulics.com\/wp-content\/uploads\/2020\/05\/3rd-function-valve-Configuration-with-backhoe-2-800x699.jpg\" alt=\"V\u00e1lvula de control direccional de solenoide hidr\u00e1ulico, doble efecto, 4 carretes, 27 GPM, 12v\" width=\"800\" height=\"699\" \/><\/p>\n<p><img loading=\"lazy\" decoding=\"async\" class=\"alignnone size-medium wp-image-42574\" src=\"https:\/\/summit-hydraulics.com\/wp-content\/uploads\/2019\/09\/Upstream-3rd-Function-Valve-Figuration-without-Backhoe-800x591.jpg\" alt=\"\" width=\"800\" height=\"591\" \/><\/p>\n<p><img loading=\"lazy\" decoding=\"async\" class=\"size-medium wp-image-42573\" src=\"https:\/\/summit-hydraulics.com\/wp-content\/uploads\/2019\/09\/Upstream-3rd-Function-Valve-Figuration-With-Backhoe-800x487.jpg\" alt=\"D03 V\u00e1lvula de 3\u00aa funci\u00f3n\" width=\"800\" height=\"487\" \/><\/p>","protected":false},"excerpt":{"rendered":"<p>A V\u00e1lvula de control direccional electrohidr\u00e1ulica de doble efecto, 2 carretes, 15 GPM <span style=\"font-weight: 400;\">controla el caudal de fluido hidr\u00e1ulico que entra o sale de un cilindro o motor hidr\u00e1ulico<\/span><\/p>\n<p>&nbsp;<\/p>\n<p>&nbsp;<\/p>","protected":false},"featured_media":13986,"comment_status":"open","ping_status":"closed","template":"","meta":[],"product_cat":[3141,3142,3140],"product_tag":[4826],"class_list":{"0":"post-14053","1":"product","2":"type-product","3":"status-publish","4":"has-post-thumbnail","6":"product_cat-electric-directional-control-valves","7":"product_cat-15-gpm-valves","8":"product_cat-hydraulic-control-valves","9":"product_tag-electric-directional","10":"pa_voltage-24v-dc","11":"pa_voltage-120v-ac","12":"pa_voltage-12v-dc","14":"first","15":"instock","16":"taxable","17":"shipping-taxable","18":"purchasable","19":"product-type-variable"},"composite_virtual":false,"composite_layout":"","composite_add_to_cart_form_location":"","composite_editable_in_cart":false,"composite_sold_individually_context":"","composite_shop_price_calc":"","composite_components":[],"composite_scenarios":[],"_links":{"self":[{"href":"https:\/\/summit-hydraulics.com\/es\/wp-json\/wp\/v2\/product\/14053","targetHints":{"allow":["GET"]}}],"collection":[{"href":"https:\/\/summit-hydraulics.com\/es\/wp-json\/wp\/v2\/product"}],"about":[{"href":"https:\/\/summit-hydraulics.com\/es\/wp-json\/wp\/v2\/types\/product"}],"replies":[{"embeddable":true,"href":"https:\/\/summit-hydraulics.com\/es\/wp-json\/wp\/v2\/comments?post=14053"}],"wp:featuredmedia":[{"embeddable":true,"href":"https:\/\/summit-hydraulics.com\/es\/wp-json\/wp\/v2\/media\/13986"}],"wp:attachment":[{"href":"https:\/\/summit-hydraulics.com\/es\/wp-json\/wp\/v2\/media?parent=14053"}],"wp:term":[{"taxonomy":"product_cat","embeddable":true,"href":"https:\/\/summit-hydraulics.com\/es\/wp-json\/wp\/v2\/product_cat?post=14053"},{"taxonomy":"product_tag","embeddable":true,"href":"https:\/\/summit-hydraulics.com\/es\/wp-json\/wp\/v2\/product_tag?post=14053"}],"curies":[{"name":"wp","href":"https:\/\/api.w.org\/{rel}","templated":true}]}}