 {"id":139489,"date":"2025-01-13T13:42:12","date_gmt":"2025-01-13T20:42:12","guid":{"rendered":"https:\/\/summit-hydraulics.com\/?post_type=product&#038;p=139489"},"modified":"2026-04-01T13:50:47","modified_gmt":"2026-04-01T20:50:47","slug":"gemels-1-npt-ag-hydraulic-quick-connect-coupler-set","status":"publish","type":"product","link":"https:\/\/summit-hydraulics.com\/es\/product\/gemels-1-npt-ag-hydraulic-quick-connect-coupler-set\/","title":{"rendered":"Juego de acopladores r\u00e1pidos hidr\u00e1ulicos Gemels\u00ae 1\u2033 NPT Ag"},"content":{"rendered":"<p>Esta serie de acopladores son los acopladores de conexi\u00f3n r\u00e1pida m\u00e1s utilizados en los sectores de la agricultura, la construcci\u00f3n y la explotaci\u00f3n forestal. Son intercambiables con todas las series ISO 5675, incluida la v\u00e1lvula de asiento esf\u00e9rico, la junta de asiento y los acoplamientos push-pull.<\/p>\n<p>El enganche Gemels\u00ae Ag cuenta con un robusto cuerpo de acero al carbono que garantiza su durabilidad y fiabilidad en entornos agr\u00edcolas exigentes. Dise\u00f1ado como un conector de tipo obturador, incorpora bolas de bloqueo radiales para una conexi\u00f3n segura y estable, mientras que el mecanismo de conexi\u00f3n y desconexi\u00f3n manual facilita su uso.<\/p>\n<p><strong>Tama\u00f1o del cuerpo ISO<\/strong>: 1\"<\/p>\n<p><strong>Hilo del puerto<\/strong>: 1\" NPT<\/p>\n<p>Este juego de acopladores de 1\u2033 se compone de un\u00a0<a href=\"https:\/\/summit-hydraulics.com\/es\/producto\/racor-rapido-hidraulico-gemels-1-ag-rosca-macho-1-npt\/\">masculino<\/a>\u00a0y\u00a0<a href=\"https:\/\/summit-hydraulics.com\/es\/producto\/enchufe-rapido-hidraulico-gemels-1-ag-rosca-hembra-1-npt\/\">acoplador r\u00e1pido hembra<\/a>.<\/p>\n<p><strong>Beneficios<\/strong>:<\/p>\n<ul>\n<li>Uso general<\/li>\n<li>Agricultura tipo obturador<\/li>\n<li>Bolas de bloqueo radiales<\/li>\n<li>Conexi\u00f3n y desconexi\u00f3n manual<\/li>\n<li>Dise\u00f1o f\u00e1cil de conectar con una sola mano<\/li>\n<li>La junta de la boquilla resiste los reventones<\/li>\n<li>El juego de acoplamientos r\u00e1pidos Gemels\u00ae Ag es intercambiable con otros acoplamientos normalizados ISO 5675.<\/li>\n<\/ul>\n<p><strong>Caracter\u00edsticas<\/strong>:<\/p>\n<ul>\n<li>Clasificaci\u00f3n 3625 PSI<\/li>\n<li>Caudal m\u00e1ximo de 80 GPM<\/li>\n<li>Di\u00e1metro de la cara macho: 1,23<\/li>\n<li>Macho Longitud: 2.52<\/li>\n<li>Di\u00e1metro de la cara hembra: 2.21<\/li>\n<li>Hembra Longitud: 3.84<\/li>\n<li>Hex: 1.61\"<\/li>\n<\/ul>\n<p>Mujer- <span style=\"font-size: 100%;\"><strong><a href=\"https:\/\/summit-hydraulics.com\/wp-content\/uploads\/2025\/01\/NC10G050000.stp\" download=\"\">Descargar archivo STP<\/a><\/strong><\/span><\/p>\n<p>Hombre- <span style=\"font-size: 100%;\"><strong><a href=\"https:\/\/summit-hydraulics.com\/wp-content\/uploads\/2025\/01\/NC09G050000.stp\" download=\"\">Descargar archivo STP<\/a><\/strong><\/span><\/p>\n<p><strong>Intercambiable con<\/strong>:<\/p>\n<table width=\"654\">\n<tbody>\n<tr>\n<td width=\"192\">Fabricante<\/td>\n<td width=\"250\">Hombre<\/td>\n<td width=\"212\">Mujer<\/td>\n<\/tr>\n<tr>\n<td>CUMBRE<\/td>\n<td>AG1M-16N<\/td>\n<td>AG1F-16N<\/td>\n<\/tr>\n<tr>\n<td>Parker Serie 4000<\/td>\n<td>4010-6P<\/td>\n<td>4050-6P<\/td>\n<\/tr>\n<tr>\n<td>Safeway Serie S20<\/td>\n<td>S21-8P<\/td>\n<td>S25-8P<\/td>\n<\/tr>\n<tr>\n<td>Serie NV\/NS m\u00e1s r\u00e1pida<\/td>\n<td>NV 1 NPT M<\/td>\n<td>NV 1 NPT F<\/td>\n<\/tr>\n<tr>\n<td>Serie Stucchi IRV<\/td>\n<td width=\"250\">800101007<br \/>\nM IR100V NPT<\/td>\n<td width=\"212\">800101006<br \/>\nF IR100V NPT<\/td>\n<\/tr>\n<tr>\n<td>Dixon Serie AG<\/td>\n<td>AG8F8-PV<\/td>\n<td>8AGF8-PV<\/td>\n<\/tr>\n<\/tbody>\n<\/table>","protected":false},"excerpt":{"rendered":"<p><strong>ENV\u00cdO GRATUITO<\/strong><\/p>\n<p>Juego de acopladores r\u00e1pidos hidr\u00e1ulicos Gemels\u00ae 1\u2033 NPT Ag<\/p>","protected":false},"featured_media":154684,"comment_status":"open","ping_status":"closed","template":"","meta":[],"product_cat":[1723],"product_tag":[],"class_list":{"0":"post-139489","1":"product","2":"type-product","3":"status-publish","4":"has-post-thumbnail","6":"product_cat-1-agricultural-iso-5675-quick-couplers","7":"pa_thread-type-npt","9":"first","10":"instock","11":"taxable","12":"shipping-taxable","13":"purchasable","14":"product-type-simple"},"composite_virtual":false,"composite_layout":"","composite_add_to_cart_form_location":"","composite_editable_in_cart":false,"composite_sold_individually_context":"","composite_shop_price_calc":"","composite_components":[],"composite_scenarios":[],"_links":{"self":[{"href":"https:\/\/summit-hydraulics.com\/es\/wp-json\/wp\/v2\/product\/139489","targetHints":{"allow":["GET"]}}],"collection":[{"href":"https:\/\/summit-hydraulics.com\/es\/wp-json\/wp\/v2\/product"}],"about":[{"href":"https:\/\/summit-hydraulics.com\/es\/wp-json\/wp\/v2\/types\/product"}],"replies":[{"embeddable":true,"href":"https:\/\/summit-hydraulics.com\/es\/wp-json\/wp\/v2\/comments?post=139489"}],"wp:featuredmedia":[{"embeddable":true,"href":"https:\/\/summit-hydraulics.com\/es\/wp-json\/wp\/v2\/media\/154684"}],"wp:attachment":[{"href":"https:\/\/summit-hydraulics.com\/es\/wp-json\/wp\/v2\/media?parent=139489"}],"wp:term":[{"taxonomy":"product_cat","embeddable":true,"href":"https:\/\/summit-hydraulics.com\/es\/wp-json\/wp\/v2\/product_cat?post=139489"},{"taxonomy":"product_tag","embeddable":true,"href":"https:\/\/summit-hydraulics.com\/es\/wp-json\/wp\/v2\/product_tag?post=139489"}],"curies":[{"name":"wp","href":"https:\/\/api.w.org\/{rel}","templated":true}]}}