 {"id":138161,"date":"2025-01-13T13:47:40","date_gmt":"2025-01-13T20:47:40","guid":{"rendered":"https:\/\/summit-hydraulics.com\/?post_type=product&#038;p=138161"},"modified":"2026-04-01T13:51:17","modified_gmt":"2026-04-01T20:51:17","slug":"gemels-1%e2%80%b3-npt-iso-7241-b-acoplador-hidraulico-macho-de-desconexion-rapida","status":"publish","type":"product","link":"https:\/\/summit-hydraulics.com\/es\/product\/gemels-1%e2%80%b3-npt-iso-7241-b-quick-disconnect-hydraulic-male-coupler\/","title":{"rendered":"Acoplador hidr\u00e1ulico macho de desconexi\u00f3n r\u00e1pida Gemels\u00ae 1\u2033 NPT ISO 7241-B"},"content":{"rendered":"<p style=\"text-align: center;\"><strong>Visor 3D interactivo:<\/strong><\/p>\n\n        <div class=\"modelViewerBlock\" data-attributes='{&quot;align&quot;:&quot;center&quot;,&quot;uniqueId&quot;:&quot;model156927&quot;,&quot;currentViewer&quot;:&quot;O3DViewer&quot;,&quot;multiple&quot;:false,&quot;model&quot;:{&quot;modelUrl&quot;:&quot;https:\\\/\\\/summit-hydraulics.com\\\/wp-content\\\/uploads\\\/2025\\\/01\\\/B1M-16N-GEM.stl&quot;,&quot;poster&quot;:&quot;&quot;},&quot;O3DVSettings&quot;:{&quot;isFullscreen&quot;:true,&quot;isPagination&quot;:false,&quot;isNavigation&quot;:true,&quot;camera&quot;:null,&quot;mouseControl&quot;:true},&quot;models&quot;:[],&quot;lazyLoad&quot;:false,&quot;loading&quot;:&quot;auto&quot;,&quot;autoplay&quot;:false,&quot;shadow&quot;:true,&quot;autoRotate&quot;:false,&quot;zoom&quot;:true,&quot;isPagination&quot;:false,&quot;isNavigation&quot;:true,&quot;preload&quot;:&quot;auto&quot;,&quot;rotationPerSecond&quot;:&quot;30&quot;,&quot;mouseControl&quot;:true,&quot;fullscreen&quot;:true,&quot;variant&quot;:false,&quot;loadingPercentage&quot;:false,&quot;progressBar&quot;:true,&quot;rotate&quot;:false,&quot;rotateAlongX&quot;:&quot;0&quot;,&quot;rotateAlongY&quot;:&quot;75&quot;,&quot;exposure&quot;:&quot;1&quot;,&quot;styles&quot;:{&quot;width&quot;:&quot;100%&quot;,&quot;height&quot;:&quot;320px&quot;,&quot;bgColor&quot;:&quot;#0067a2&quot;,&quot;progressBarColor&quot;:&quot;&quot;},&quot;stylesheet&quot;:null,&quot;additional&quot;:{&quot;ID&quot;:&quot;&quot;,&quot;Class&quot;:&quot;&quot;,&quot;CSS&quot;:&quot;&quot;},&quot;animation&quot;:false,&quot;woo&quot;:false,&quot;selectedAnimation&quot;:&quot;&quot;}'><\/div>\n\n        \n<p><strong>SKU:<\/strong> B1M-16N-GEM<\/p>\n<p><span data-teams=\"true\"><strong>Gemels\u00ae SKU: <\/strong>NC03N050000<\/span><\/p>\n<p>La serie Gemels\u00ae ISO 7241-B de acopladores de desconexi\u00f3n r\u00e1pida se utiliza en un amplio espectro de aplicaciones hidr\u00e1ulicas con exigentes est\u00e1ndares de calidad, como las industrias aeroespacial, automovil\u00edstica, electr\u00f3nica, marina, industrial, de equipos pesados, minera y de perforaci\u00f3n. Los acopladores hidr\u00e1ulicos macho de desconexi\u00f3n r\u00e1pida Gemels\u00ae 1\u2033 NPT ISO 7241-B se recomiendan para aplicaciones de uso general, m\u00e1quinas herramienta, hidr\u00e1ulica m\u00f3vil y otros equipos. Nuestros acopladores de la serie B son intercambiables con todos los acoplamientos hidr\u00e1ulicos de desconexi\u00f3n r\u00e1pida de la serie ISO 7241-B certificados.<\/p>\n<p><strong>Tama\u00f1o del cuerpo:<\/strong>\u00a01\u2033 Cuerpo<\/p>\n<p><strong>Tama\u00f1o de rosca:<\/strong>\u00a0V\u00e1lvula de asiento, rosca 1\u2033 NPT<\/p>\n<p><strong>Beneficios:<\/strong><\/p>\n<ul>\n<li>Gemels\u00ae 1\u2033 NPT ISO 7241-B Cuerpo: Acero al carbono<\/li>\n<li>Tratamiento: Galvanizado<\/li>\n<li>Bolas de bloqueo radiales<\/li>\n<li>V\u00e1lvula de asiento autosellante Excelente estanqueidad a altas y bajas presiones<\/li>\n<li>Intercambiable con todos los acoplamientos r\u00e1pidos ISO 7241 serie B<\/li>\n<\/ul>\n<h4><span style=\"font-size: 100%;\"><strong><a href=\"https:\/\/summit-hydraulics.com\/wp-content\/uploads\/2025\/01\/NC03N050000.stp\" download=\"\">Descargar archivo STP<\/a><\/strong><\/span><\/h4>\n<p><strong>Caracter\u00edsticas:<\/strong><\/p>\n<ul>\n<li>Clasificaci\u00f3n 3625 PSI<\/li>\n<li>Caudal m\u00e1ximo: 80 GPM<\/li>\n<li>Di\u00e1metro de la cara macho 1,49<\/li>\n<li>Macho Longitud: 2,6<\/li>\n<li>Hex: 1.61\u2033<\/li>\n<\/ul>\n<p>Este acoplador macho de 1\/4\u2033 se conecta a su\u00a0<a href=\"https:\/\/summit-hydraulics.com\/es\/producto\/acoplador-hidraulico-hembra-de-desconexion-rapida-gemels-1%e2%80%b3-npt-iso-7241-b\/\">equivalente femenino<\/a>. Tambi\u00e9n disponemos de\u00a0<a href=\"https:\/\/summit-hydraulics.com\/es\/producto\/gemels-1%e2%80%b3-npt-iso-7241-b-acoplador-hidraulico-de-desconexion-rapida-set\/\">juego completo<\/a>que incluye un acoplador macho y otro hembra.<\/p>\n<table width=\"328\">\n<tbody>\n<tr>\n<td><strong>Fabricante<\/strong><\/td>\n<td><strong>Hombre<\/strong><\/td>\n<\/tr>\n<tr>\n<td><strong>Gemelos<\/strong><\/td>\n<td>NC03N050000<\/td>\n<\/tr>\n<tr>\n<td><strong>CUMBRE<\/strong><\/td>\n<td>B1M-16N<\/td>\n<\/tr>\n<tr>\n<td><strong>Parker Serie 60<\/strong><\/td>\n<td>BH8-61<\/td>\n<\/tr>\n<tr>\n<td><strong>Safeway Serie BS10<\/strong><\/td>\n<td>BS101-8<\/td>\n<\/tr>\n<tr>\n<td><strong>Lat\u00f3n HNV m\u00e1s r\u00e1pido<\/strong><\/td>\n<td>HNV 1 NPT M 5V<\/td>\n<\/tr>\n<tr>\n<td><strong>Snap-Tite Serie 72<\/strong><\/td>\n<td>B72N16-16F<\/td>\n<\/tr>\n<tr>\n<td><strong>Serie IRBO de Stucchi<\/strong><\/td>\n<td>M IRBO100 NPT<br \/>\n804501111<\/td>\n<\/tr>\n<tr>\n<td><strong>Dixon Serie H<\/strong><\/td>\n<td>H8F8-B<\/td>\n<\/tr>\n<tr>\n<td><strong>Eaton Serie HK<\/strong><\/td>\n<td>B8KP36<\/td>\n<\/tr>\n<tr>\n<td><strong>Serie DNP HNV<\/strong><\/td>\n<td>HNV-B-16-16-N-NPT<\/td>\n<\/tr>\n<\/tbody>\n<\/table>","protected":false},"excerpt":{"rendered":"<p>Gemels\u00ae  1&#8243; Ag Hydraulic Quick Connect Male Coupler, 1&#8243; NPT Thread<\/p>","protected":false},"featured_media":154153,"comment_status":"open","ping_status":"closed","template":"","meta":[],"product_cat":[1968],"product_tag":[],"class_list":{"0":"post-138161","1":"product","2":"type-product","3":"status-publish","4":"has-post-thumbnail","6":"product_cat-hydraulic-iso-b-quick-connect-male-couplers-all-sizes","7":"pa_thread-type-npt","9":"first","10":"instock","11":"taxable","12":"shipping-taxable","13":"purchasable","14":"product-type-simple"},"composite_virtual":false,"composite_layout":"","composite_add_to_cart_form_location":"","composite_editable_in_cart":false,"composite_sold_individually_context":"","composite_shop_price_calc":"","composite_components":[],"composite_scenarios":[],"_links":{"self":[{"href":"https:\/\/summit-hydraulics.com\/es\/wp-json\/wp\/v2\/product\/138161","targetHints":{"allow":["GET"]}}],"collection":[{"href":"https:\/\/summit-hydraulics.com\/es\/wp-json\/wp\/v2\/product"}],"about":[{"href":"https:\/\/summit-hydraulics.com\/es\/wp-json\/wp\/v2\/types\/product"}],"replies":[{"embeddable":true,"href":"https:\/\/summit-hydraulics.com\/es\/wp-json\/wp\/v2\/comments?post=138161"}],"wp:featuredmedia":[{"embeddable":true,"href":"https:\/\/summit-hydraulics.com\/es\/wp-json\/wp\/v2\/media\/154153"}],"wp:attachment":[{"href":"https:\/\/summit-hydraulics.com\/es\/wp-json\/wp\/v2\/media?parent=138161"}],"wp:term":[{"taxonomy":"product_cat","embeddable":true,"href":"https:\/\/summit-hydraulics.com\/es\/wp-json\/wp\/v2\/product_cat?post=138161"},{"taxonomy":"product_tag","embeddable":true,"href":"https:\/\/summit-hydraulics.com\/es\/wp-json\/wp\/v2\/product_tag?post=138161"}],"curies":[{"name":"wp","href":"https:\/\/api.w.org\/{rel}","templated":true}]}}