 {"id":11599,"date":"2019-05-23T17:25:49","date_gmt":"2019-05-23T22:25:49","guid":{"rendered":"https:\/\/summit-hydraulics.com\/?post_type=product&#038;p=11599"},"modified":"2026-04-14T05:54:51","modified_gmt":"2026-04-14T12:54:51","slug":"valvula-de-cojin-de-alivio-hidraulico-de-doble-cruz-1-2-puertos-npt","status":"publish","type":"product","link":"https:\/\/summit-hydraulics.com\/es\/product\/dual-crossover-hydraulic-relief-cushion-valve-1-2-npt-ports\/","title":{"rendered":"V\u00e1lvula de coj\u00edn de alivio hidr\u00e1ulico de doble cruce, puertos NPT de 1\/2\u2033, 19 GPM"},"content":{"rendered":"<p>V\u00e1lvula hidr\u00e1ulica de alivio de doble cruce, conexiones NPT de 1\/2\", 19 GPM<\/p>\n<p><span style=\"font-weight: 400;\">Proporciona protecci\u00f3n de alivio de cruce para motores hidr\u00e1ulicos reversibles o puede utilizarse como v\u00e1lvula de amortiguaci\u00f3n para un cilindro de doble efecto. \u00a0<\/span><\/p>\n<p><span style=\"font-weight: 400;\">Se utiliza para detener\/minimizar sobretensiones, golpes y sobrecargas en circuitos hidr\u00e1ulicos<\/span><\/p>\n<p><span style=\"font-weight: 400;\">La v\u00e1lvula se instala entre la v\u00e1lvula de control y el motor\/cilindro (se recomienda instalarla m\u00e1s cerca del motor\/cilindro para evitar ca\u00eddas de presi\u00f3n).<\/span><\/p>\n<p>&nbsp;<\/p>\n<p><strong>Caracter\u00edsticas:<\/strong><\/p>\n<ul>\n<li><span style=\"font-weight: 400;\">Tama\u00f1o del puerto: 1\/2\" NPT<\/span><\/li>\n<li><span style=\"font-weight: 400;\">Caudal m\u00e1ximo: 19 GPM<\/span><\/li>\n<li><span style=\"font-weight: 400;\">Rango de alivio ajustable: 150-2600 PSI<\/span><\/li>\n<li><span style=\"font-weight: 400;\">Ajuste de alivio preestablecido: 1300 PSI<\/span><\/li>\n<li>Presi\u00f3n m\u00e1xima: 5000 PSI<\/li>\n<\/ul>\n<p>&nbsp;<\/p>","protected":false},"excerpt":{"rendered":"<p>V\u00e1lvula hidr\u00e1ulica de alivio de doble cruce, conexiones NPT de 1\/2\", 19 GPM<\/p>\n<p><strong>Env\u00edo gratuito\u00a0<\/strong><\/p>","protected":false},"featured_media":11589,"comment_status":"open","ping_status":"closed","template":"","meta":[],"product_cat":[594],"product_tag":[2408],"class_list":{"0":"post-11599","1":"product","2":"type-product","3":"status-publish","4":"has-post-thumbnail","6":"product_cat-pressure-relief-valves","7":"product_tag-1-2-npt","8":"pa_port-size-12-npt","10":"first","11":"instock","12":"taxable","13":"shipping-taxable","14":"purchasable","15":"product-type-simple"},"composite_virtual":false,"composite_layout":"","composite_add_to_cart_form_location":"","composite_editable_in_cart":false,"composite_sold_individually_context":"","composite_shop_price_calc":"","composite_components":[],"composite_scenarios":[],"_links":{"self":[{"href":"https:\/\/summit-hydraulics.com\/es\/wp-json\/wp\/v2\/product\/11599","targetHints":{"allow":["GET"]}}],"collection":[{"href":"https:\/\/summit-hydraulics.com\/es\/wp-json\/wp\/v2\/product"}],"about":[{"href":"https:\/\/summit-hydraulics.com\/es\/wp-json\/wp\/v2\/types\/product"}],"replies":[{"embeddable":true,"href":"https:\/\/summit-hydraulics.com\/es\/wp-json\/wp\/v2\/comments?post=11599"}],"wp:featuredmedia":[{"embeddable":true,"href":"https:\/\/summit-hydraulics.com\/es\/wp-json\/wp\/v2\/media\/11589"}],"wp:attachment":[{"href":"https:\/\/summit-hydraulics.com\/es\/wp-json\/wp\/v2\/media?parent=11599"}],"wp:term":[{"taxonomy":"product_cat","embeddable":true,"href":"https:\/\/summit-hydraulics.com\/es\/wp-json\/wp\/v2\/product_cat?post=11599"},{"taxonomy":"product_tag","embeddable":true,"href":"https:\/\/summit-hydraulics.com\/es\/wp-json\/wp\/v2\/product_tag?post=11599"}],"curies":[{"name":"wp","href":"https:\/\/api.w.org\/{rel}","templated":true}]}}