 {"id":11517,"date":"2019-05-21T11:48:00","date_gmt":"2019-05-21T18:48:00","guid":{"rendered":"https:\/\/summit-hydraulics.com\/?post_type=product&#038;p=11517"},"modified":"2026-04-05T07:04:22","modified_gmt":"2026-04-05T14:04:22","slug":"acoplador-hidraulico-de-conexion-rapida-de-cara-plana-set-10-sae-hilo-copia","status":"publish","type":"product","link":"https:\/\/summit-hydraulics.com\/es\/product\/flat-face-connect-under-pressure-hydraulic-quick-connect-coupler-set-10-sae-thread-copy\/","title":{"rendered":"Juego de acopladores r\u00e1pidos hidr\u00e1ulicos de conexi\u00f3n plana bajo presi\u00f3n, rosca SAE #10"},"content":{"rendered":"<p><strong>ISO Tama\u00f1o del cuerpo:<\/strong>\u00a01\/2\"<\/p>\n<p><strong>Hilo del puerto: <\/strong>#10 Rosca SAE ( 5\/8\u2033 O-Ring Boss)<\/p>\n<p><strong>Beneficios:<\/strong><\/p>\n<ul>\n<li>Permite conectarse a una l\u00ednea hidr\u00e1ulica que est\u00e1 bajo presi\u00f3n<\/li>\n<li>El dise\u00f1o de la v\u00e1lvula de cara rasante minimiza la p\u00e9rdida de fluido y la inclusi\u00f3n de aire<\/li>\n<li>El recubrimiento de zinc-n\u00edquel proporciona una resistencia superior a la corrosi\u00f3n<\/li>\n<li>Construcci\u00f3n de acero templado con casquillos endurecidos<\/li>\n<li>Permite ca\u00eddas de presi\u00f3n m\u00ednimas<\/li>\n<li>Dise\u00f1o f\u00e1cil de conectar con una sola mano<\/li>\n<li>La junta de la boquilla resiste los reventones<\/li>\n<li>Intercambiable con otros acoplamientos normalizados ISO 16028<\/li>\n<\/ul>\n<p><strong>Caracter\u00edsticas:<\/strong><\/p>\n<ul>\n<li>Presi\u00f3n nominal de 5.076 PSI<\/li>\n<li>23,78 GPM Caudal m\u00e1ximo<\/li>\n<li>Caudal nominal de 12 GPM<\/li>\n<li>Las juntas de Buna-N con anillo de refuerzo de tefl\u00f3n pueden funcionar hasta 250\u00b0 F<\/li>\n<li>Di\u00e1metro de la cara macho: 0,94\" (24,5 mm)<\/li>\n<li>Di\u00e1metro de la cara hembra: 1,50\" (38 mm)<\/li>\n<li>Longitud macho: 3,75\" (95 mm)<\/li>\n<li>Longitud hembra: 3,43\" (87 mm)<\/li>\n<li>Hex\u00e1gono macho: 1,34\" (34 mm)<\/li>\n<li>Hembra hexagonal: 1,42\" (36 mm)<\/li>\n<\/ul>\n<p>&nbsp;<\/p>","protected":false},"excerpt":{"rendered":"<p>Juego de acopladores r\u00e1pidos hidr\u00e1ulicos de conexi\u00f3n plana bajo presi\u00f3n, rosca SAE #10<\/p>","protected":false},"featured_media":8252,"comment_status":"open","ping_status":"closed","template":"","meta":[],"product_cat":[9,1449,1947,359],"product_tag":[2396,2407,2449,2453],"class_list":{"0":"post-11517","1":"product","2":"type-product","3":"status-publish","4":"has-post-thumbnail","6":"product_cat-hydraulic-flat-face-iso-16028-quick-couplers","7":"product_cat-hydraulic-1-2-body-flat-face-quick-connect-coupler","8":"product_cat-hydraulic-1-2-body-flat-face-quick-connect-coupler-sets","9":"product_cat-quick-disconnect-couplers","10":"product_tag-8-sae-port","11":"product_tag-1-2-body","12":"product_tag-coupler-set","13":"product_tag-flat-face-coupler","14":"pa_thread-type-sae-orb","16":"first","17":"instock","18":"taxable","19":"shipping-taxable","20":"purchasable","21":"product-type-simple"},"composite_virtual":false,"composite_layout":"","composite_add_to_cart_form_location":"","composite_editable_in_cart":false,"composite_sold_individually_context":"","composite_shop_price_calc":"","composite_components":[],"composite_scenarios":[],"_links":{"self":[{"href":"https:\/\/summit-hydraulics.com\/es\/wp-json\/wp\/v2\/product\/11517","targetHints":{"allow":["GET"]}}],"collection":[{"href":"https:\/\/summit-hydraulics.com\/es\/wp-json\/wp\/v2\/product"}],"about":[{"href":"https:\/\/summit-hydraulics.com\/es\/wp-json\/wp\/v2\/types\/product"}],"replies":[{"embeddable":true,"href":"https:\/\/summit-hydraulics.com\/es\/wp-json\/wp\/v2\/comments?post=11517"}],"wp:featuredmedia":[{"embeddable":true,"href":"https:\/\/summit-hydraulics.com\/es\/wp-json\/wp\/v2\/media\/8252"}],"wp:attachment":[{"href":"https:\/\/summit-hydraulics.com\/es\/wp-json\/wp\/v2\/media?parent=11517"}],"wp:term":[{"taxonomy":"product_cat","embeddable":true,"href":"https:\/\/summit-hydraulics.com\/es\/wp-json\/wp\/v2\/product_cat?post=11517"},{"taxonomy":"product_tag","embeddable":true,"href":"https:\/\/summit-hydraulics.com\/es\/wp-json\/wp\/v2\/product_tag?post=11517"}],"curies":[{"name":"wp","href":"https:\/\/api.w.org\/{rel}","templated":true}]}}